{"id":14484,"date":"2024-06-03T01:43:19","date_gmt":"2024-06-02T22:43:19","guid":{"rendered":"https:\/\/lv.cargobus.ee\/registration-form\/"},"modified":"2026-02-09T15:02:06","modified_gmt":"2026-02-09T12:02:06","slug":"registration-form","status":"publish","type":"page","link":"https:\/\/lv.cargobus.ee\/lv\/registration-form\/","title":{"rendered":"RE\u0122ISTR\u0100CIJAS VEIDLAPA L\u012aGUMAM"},"content":{"rendered":"\t\t<div data-elementor-type=\"wp-page\" data-elementor-id=\"14484\" class=\"elementor elementor-14484 elementor-3546\" data-elementor-settings=\"{&quot;element_pack_global_tooltip_width&quot;:{&quot;unit&quot;:&quot;px&quot;,&quot;size&quot;:&quot;&quot;,&quot;sizes&quot;:[]},&quot;element_pack_global_tooltip_width_laptop&quot;:{&quot;unit&quot;:&quot;px&quot;,&quot;size&quot;:&quot;&quot;,&quot;sizes&quot;:[]},&quot;element_pack_global_tooltip_width_tablet&quot;:{&quot;unit&quot;:&quot;px&quot;,&quot;size&quot;:&quot;&quot;,&quot;sizes&quot;:[]},&quot;element_pack_global_tooltip_width_mobile&quot;:{&quot;unit&quot;:&quot;px&quot;,&quot;size&quot;:&quot;&quot;,&quot;sizes&quot;:[]},&quot;element_pack_global_tooltip_padding&quot;:{&quot;unit&quot;:&quot;px&quot;,&quot;top&quot;:&quot;&quot;,&quot;right&quot;:&quot;&quot;,&quot;bottom&quot;:&quot;&quot;,&quot;left&quot;:&quot;&quot;,&quot;isLinked&quot;:true},&quot;element_pack_global_tooltip_padding_laptop&quot;:{&quot;unit&quot;:&quot;px&quot;,&quot;top&quot;:&quot;&quot;,&quot;right&quot;:&quot;&quot;,&quot;bottom&quot;:&quot;&quot;,&quot;left&quot;:&quot;&quot;,&quot;isLinked&quot;:true},&quot;element_pack_global_tooltip_padding_tablet&quot;:{&quot;unit&quot;:&quot;px&quot;,&quot;top&quot;:&quot;&quot;,&quot;right&quot;:&quot;&quot;,&quot;bottom&quot;:&quot;&quot;,&quot;left&quot;:&quot;&quot;,&quot;isLinked&quot;:true},&quot;element_pack_global_tooltip_padding_mobile&quot;:{&quot;unit&quot;:&quot;px&quot;,&quot;top&quot;:&quot;&quot;,&quot;right&quot;:&quot;&quot;,&quot;bottom&quot;:&quot;&quot;,&quot;left&quot;:&quot;&quot;,&quot;isLinked&quot;:true},&quot;element_pack_global_tooltip_border_radius&quot;:{&quot;unit&quot;:&quot;px&quot;,&quot;top&quot;:&quot;&quot;,&quot;right&quot;:&quot;&quot;,&quot;bottom&quot;:&quot;&quot;,&quot;left&quot;:&quot;&quot;,&quot;isLinked&quot;:true},&quot;element_pack_global_tooltip_border_radius_laptop&quot;:{&quot;unit&quot;:&quot;px&quot;,&quot;top&quot;:&quot;&quot;,&quot;right&quot;:&quot;&quot;,&quot;bottom&quot;:&quot;&quot;,&quot;left&quot;:&quot;&quot;,&quot;isLinked&quot;:true},&quot;element_pack_global_tooltip_border_radius_tablet&quot;:{&quot;unit&quot;:&quot;px&quot;,&quot;top&quot;:&quot;&quot;,&quot;right&quot;:&quot;&quot;,&quot;bottom&quot;:&quot;&quot;,&quot;left&quot;:&quot;&quot;,&quot;isLinked&quot;:true},&quot;element_pack_global_tooltip_border_radius_mobile&quot;:{&quot;unit&quot;:&quot;px&quot;,&quot;top&quot;:&quot;&quot;,&quot;right&quot;:&quot;&quot;,&quot;bottom&quot;:&quot;&quot;,&quot;left&quot;:&quot;&quot;,&quot;isLinked&quot;:true}}\" data-elementor-post-type=\"page\">\n\t\t\t\t<div class=\"elementor-element elementor-element-cb7f68e e-flex e-con-boxed e-con e-parent\" data-id=\"cb7f68e\" data-element_type=\"container\" data-e-type=\"container\">\n\t\t\t\t\t<div class=\"e-con-inner\">\n\t\t\t\t<div class=\"elementor-element elementor-element-4cb1b75 elementor-widget elementor-widget-heading\" data-id=\"4cb1b75\" data-element_type=\"widget\" data-e-type=\"widget\" data-widget_type=\"heading.default\">\n\t\t\t\t\t<h1 class=\"elementor-heading-title elementor-size-default\">RE\u0122ISTR\u0100CIJAS VEIDLAPA<\/h1>\t\t\t\t<\/div>\n\t\t\t\t<div class=\"elementor-element elementor-element-2c0b3d3 elementor-widget elementor-widget-shortcode\" data-id=\"2c0b3d3\" data-element_type=\"widget\" data-e-type=\"widget\" data-widget_type=\"shortcode.default\">\n\t\t\t\t\t\t\t<div class=\"elementor-shortcode\">    <form method=\"POST\" class=\"ml-form-container\">\n    <!-- Column 1: Company Info -->\n    <div class=\"ml-form-column\">\n        <h3>Uz\u0146\u0113muma dati<\/h3>\n        <p>\n            <label>Uz\u0146\u0113muma nosaukums *<\/label>\n            <input type=\"text\" name=\"company_name\" placeholder=\"J\u016bsu uz\u0146\u0113muma nosaukums\" required>\n        <\/p>\n        <p>\n            <label>Re\u0123istr\u0101cijas Nr. *<\/label>\n            <input type=\"text\" name=\"reg_number\" placeholder=\"Re\u0123istr\u0101cija numurs\" required>\n        <\/p>\n        <p>\n            <label>E-pasts *<\/label>\n            <input type=\"email\" name=\"email\" placeholder=\"example@gmail.com\" required>\n        <\/p>\n        <p>\n            <label>E-pasts r\u0113\u0137iniem *<\/label>\n            <input type=\"email\" name=\"invoice_email\" placeholder=\"example@gmail.com\" required>\n        <\/p>\n        <p>\n            <label>Telefons *<\/label>\n            <input type=\"tel\" name=\"phone\" placeholder=\"+371 5555555\" required>\n        <\/p>\n        <p>\n            <label>Pils\u0113ta *<\/label>\n            <input type=\"text\" name=\"city\" placeholder=\"Pils\u0113ta\" required>\n        <\/p>\n        <p>\n            <label>Iela\/m\u0101jas nr. *<\/label>\n            <input type=\"text\" name=\"address\" placeholder=\"Iela\/m\u0101jas numurs\" required>\n        <\/p>\n        <p>\n            <label>Pasta indeks *<\/label>\n            <input type=\"text\" name=\"zip\" placeholder=\"LV-0000\" required>\n        <\/p>\n    <\/div>\n\n    <!-- Column 2: Authorized Person Info -->\n    <div class=\"ml-form-column\">\n        <h3>Parakstties\u012bg\u0101 persona<\/h3>\n        <p>\n            <label>V\u0101rds *<\/label>\n            <input type=\"text\" name=\"first_name\" placeholder=\"V\u0101rds\" required>\n        <\/p>\n        <p>\n            <label>Uzv\u0101rds *<\/label>\n            <input type=\"text\" name=\"last_name\" placeholder=\"Uzv\u0101rds\" required>\n        <\/p>\n        <p>\n            <label>Telefons *<\/label>\n            <input type=\"tel\" name=\"auth_phone\" placeholder=\"+371 5555555\" required>\n        <\/p>\n    <\/div>\n\n    <!-- Column 3: Contact Info + Checkbox + Submit -->\n    <div class=\"ml-form-column\">\n        <!-- Div for fields -->\n        <div class=\"ml-form-fields\">\n            <h3>Kontaktpersona<\/h3>\n            <p>\n                <label>V\u0101rds *<\/label>\n                <input type=\"text\" name=\"contact_first_name\" placeholder=\"V\u0101rds\" required>\n            <\/p>\n            <p>\n                <label>Uzv\u0101rds *<\/label>\n                <input type=\"text\" name=\"contact_last_name\" placeholder=\"Uzv\u0101rds\" required>\n            <\/p>\n            <p>\n                <label>Telefons *<\/label>\n                <input type=\"tel\" name=\"contact_phone\" placeholder=\"+371 5555555\" required>\n            <\/p>\n        <\/div>\n        <!-- Div for checkbox and submit button -->\n        <div class=\"ml-form-column-bottom\">\n            <p>\n                <input type=\"checkbox\" name=\"agree_terms\" required> \n                Piekr\u012btu <a href=\"\/et\/teenuse-tingimused\" target=\"_blank\">noteikumiem un nosac\u012bjumumiem<\/a>.\n            <\/p>\n            <p>\n                <input type=\"submit\" name=\"ml_submit_form\" value=\"Nos\u016bt\u012bt\">\n            <\/p>\n        <\/div>\n    <\/div>\n<\/form>\n\n    <\/div>\n\t\t\t\t\t\t<\/div>\n\t\t\t\t\t<\/div>\n\t\t\t\t<\/div>\n\t\t\t\t<\/div>\n\t\t","protected":false},"excerpt":{"rendered":"<p>RE\u0122ISTR\u0100CIJAS VEIDLAPA<\/p>\n","protected":false},"author":1,"featured_media":0,"parent":0,"menu_order":0,"comment_status":"closed","ping_status":"closed","template":"elementor_header_footer","meta":{"_acf_changed":false,"site-sidebar-layout":"no-sidebar","site-content-layout":"","ast-site-content-layout":"full-width-container","site-content-style":"default","site-sidebar-style":"default","ast-global-header-display":"","ast-banner-title-visibility":"","ast-main-header-display":"","ast-hfb-above-header-display":"","ast-hfb-below-header-display":"","ast-hfb-mobile-header-display":"","site-post-title":"disabled","ast-breadcrumbs-content":"","ast-featured-img":"disabled","footer-sml-layout":"","ast-disable-related-posts":"","theme-transparent-header-meta":"","adv-header-id-meta":"","stick-header-meta":"","header-above-stick-meta":"","header-main-stick-meta":"","header-below-stick-meta":"","astra-migrate-meta-layouts":"default","ast-page-background-enabled":"default","ast-page-background-meta":{"desktop":{"background-color":"var(--ast-global-color-4)","background-image":"","background-repeat":"repeat","background-position":"center center","background-size":"auto","background-attachment":"scroll","background-type":"","background-media":"","overlay-type":"","overlay-color":"","overlay-opacity":"","overlay-gradient":""},"tablet":{"background-color":"","background-image":"","background-repeat":"repeat","background-position":"center center","background-size":"auto","background-attachment":"scroll","background-type":"","background-media":"","overlay-type":"","overlay-color":"","overlay-opacity":"","overlay-gradient":""},"mobile":{"background-color":"","background-image":"","background-repeat":"repeat","background-position":"center center","background-size":"auto","background-attachment":"scroll","background-type":"","background-media":"","overlay-type":"","overlay-color":"","overlay-opacity":"","overlay-gradient":""}},"ast-content-background-meta":{"desktop":{"background-color":"var(--ast-global-color-5)","background-image":"","background-repeat":"repeat","background-position":"center center","background-size":"auto","background-attachment":"scroll","background-type":"","background-media":"","overlay-type":"","overlay-color":"","overlay-opacity":"","overlay-gradient":""},"tablet":{"background-color":"var(--ast-global-color-5)","background-image":"","background-repeat":"repeat","background-position":"center center","background-size":"auto","background-attachment":"scroll","background-type":"","background-media":"","overlay-type":"","overlay-color":"","overlay-opacity":"","overlay-gradient":""},"mobile":{"background-color":"var(--ast-global-color-5)","background-image":"","background-repeat":"repeat","background-position":"center center","background-size":"auto","background-attachment":"scroll","background-type":"","background-media":"","overlay-type":"","overlay-color":"","overlay-opacity":"","overlay-gradient":""}},"footnotes":""},"class_list":["post-14484","page","type-page","status-publish","hentry"],"acf":[],"_links":{"self":[{"href":"https:\/\/lv.cargobus.ee\/lv\/wp-json\/wp\/v2\/pages\/14484","targetHints":{"allow":["GET"]}}],"collection":[{"href":"https:\/\/lv.cargobus.ee\/lv\/wp-json\/wp\/v2\/pages"}],"about":[{"href":"https:\/\/lv.cargobus.ee\/lv\/wp-json\/wp\/v2\/types\/page"}],"author":[{"embeddable":true,"href":"https:\/\/lv.cargobus.ee\/lv\/wp-json\/wp\/v2\/users\/1"}],"replies":[{"embeddable":true,"href":"https:\/\/lv.cargobus.ee\/lv\/wp-json\/wp\/v2\/comments?post=14484"}],"version-history":[{"count":0,"href":"https:\/\/lv.cargobus.ee\/lv\/wp-json\/wp\/v2\/pages\/14484\/revisions"}],"wp:attachment":[{"href":"https:\/\/lv.cargobus.ee\/lv\/wp-json\/wp\/v2\/media?parent=14484"}],"curies":[{"name":"wp","href":"https:\/\/api.w.org\/{rel}","templated":true}]}}