{"id":14488,"date":"2024-06-13T08:31:25","date_gmt":"2024-06-13T05:31:25","guid":{"rendered":"https:\/\/lv.cargobus.ee\/cookie-policy\/"},"modified":"2025-10-27T16:13:04","modified_gmt":"2025-10-27T13:13:04","slug":"cookie-policy","status":"publish","type":"page","link":"https:\/\/lv.cargobus.ee\/lv\/cookie-policy\/","title":{"rendered":"S\u012aKFAILU POLITIKA"},"content":{"rendered":"\t\t<div data-elementor-type=\"wp-page\" data-elementor-id=\"14488\" class=\"elementor elementor-14488 elementor-4963\" data-elementor-settings=\"{&quot;element_pack_global_tooltip_width&quot;:{&quot;unit&quot;:&quot;px&quot;,&quot;size&quot;:&quot;&quot;,&quot;sizes&quot;:[]},&quot;element_pack_global_tooltip_width_laptop&quot;:{&quot;unit&quot;:&quot;px&quot;,&quot;size&quot;:&quot;&quot;,&quot;sizes&quot;:[]},&quot;element_pack_global_tooltip_width_tablet&quot;:{&quot;unit&quot;:&quot;px&quot;,&quot;size&quot;:&quot;&quot;,&quot;sizes&quot;:[]},&quot;element_pack_global_tooltip_width_mobile&quot;:{&quot;unit&quot;:&quot;px&quot;,&quot;size&quot;:&quot;&quot;,&quot;sizes&quot;:[]},&quot;element_pack_global_tooltip_padding&quot;:{&quot;unit&quot;:&quot;px&quot;,&quot;top&quot;:&quot;&quot;,&quot;right&quot;:&quot;&quot;,&quot;bottom&quot;:&quot;&quot;,&quot;left&quot;:&quot;&quot;,&quot;isLinked&quot;:true},&quot;element_pack_global_tooltip_padding_laptop&quot;:{&quot;unit&quot;:&quot;px&quot;,&quot;top&quot;:&quot;&quot;,&quot;right&quot;:&quot;&quot;,&quot;bottom&quot;:&quot;&quot;,&quot;left&quot;:&quot;&quot;,&quot;isLinked&quot;:true},&quot;element_pack_global_tooltip_padding_tablet&quot;:{&quot;unit&quot;:&quot;px&quot;,&quot;top&quot;:&quot;&quot;,&quot;right&quot;:&quot;&quot;,&quot;bottom&quot;:&quot;&quot;,&quot;left&quot;:&quot;&quot;,&quot;isLinked&quot;:true},&quot;element_pack_global_tooltip_padding_mobile&quot;:{&quot;unit&quot;:&quot;px&quot;,&quot;top&quot;:&quot;&quot;,&quot;right&quot;:&quot;&quot;,&quot;bottom&quot;:&quot;&quot;,&quot;left&quot;:&quot;&quot;,&quot;isLinked&quot;:true},&quot;element_pack_global_tooltip_border_radius&quot;:{&quot;unit&quot;:&quot;px&quot;,&quot;top&quot;:&quot;&quot;,&quot;right&quot;:&quot;&quot;,&quot;bottom&quot;:&quot;&quot;,&quot;left&quot;:&quot;&quot;,&quot;isLinked&quot;:true},&quot;element_pack_global_tooltip_border_radius_laptop&quot;:{&quot;unit&quot;:&quot;px&quot;,&quot;top&quot;:&quot;&quot;,&quot;right&quot;:&quot;&quot;,&quot;bottom&quot;:&quot;&quot;,&quot;left&quot;:&quot;&quot;,&quot;isLinked&quot;:true},&quot;element_pack_global_tooltip_border_radius_tablet&quot;:{&quot;unit&quot;:&quot;px&quot;,&quot;top&quot;:&quot;&quot;,&quot;right&quot;:&quot;&quot;,&quot;bottom&quot;:&quot;&quot;,&quot;left&quot;:&quot;&quot;,&quot;isLinked&quot;:true},&quot;element_pack_global_tooltip_border_radius_mobile&quot;:{&quot;unit&quot;:&quot;px&quot;,&quot;top&quot;:&quot;&quot;,&quot;right&quot;:&quot;&quot;,&quot;bottom&quot;:&quot;&quot;,&quot;left&quot;:&quot;&quot;,&quot;isLinked&quot;:true}}\" data-elementor-post-type=\"page\">\n\t\t\t\t<div class=\"elementor-element elementor-element-3eee4b1 e-flex e-con-boxed e-con e-parent\" data-id=\"3eee4b1\" data-element_type=\"container\" data-e-type=\"container\">\n\t\t\t\t\t<div class=\"e-con-inner\">\n\t\t\t\t<div class=\"elementor-element elementor-element-ce3ddba elementor-widget elementor-widget-heading\" data-id=\"ce3ddba\" data-element_type=\"widget\" data-e-type=\"widget\" data-widget_type=\"heading.default\">\n\t\t\t\t\t<h1 class=\"elementor-heading-title elementor-size-default\">S\u012aKFAILU POLITIKA<\/h1>\t\t\t\t<\/div>\n\t\t\t\t<div class=\"elementor-element elementor-element-f8602ab elementor-widget__width-initial elementor-widget elementor-widget-text-editor\" data-id=\"f8602ab\" data-element_type=\"widget\" data-e-type=\"widget\" data-widget_type=\"text-editor.default\">\n\t\t\t\t\t\t\t\t\t<p><strong>S\u012bkfailu politika Cargobus tie\u0161saistes resursos<\/strong><\/p><p>\u0160aj\u0101 dokument\u0101 ir aprakst\u012bta s\u012bkfailu izmanto\u0161ana <strong><a title=\"www.cargobus.lv\" href=\"https:\/\/lv.cargobus.ee\/lv\" target=\"_blank\" rel=\"noopener\">www.cargobus.lv<\/a><\/strong>, s\u012bkfailu izmanto\u0161anas m\u0113r\u0137i, k\u0101 ar\u012b lietot\u0101ja ties\u012bbas main\u012bt un izv\u0113l\u0113ties s\u012bkfailu izmanto\u0161anu atbilsto\u0161i sav\u0101m vajadz\u012bb\u0101m.<\/p><p>S\u012bkfaili pal\u012bdz nodro\u0161in\u0101t, uzlabot un aizsarg\u0101t Cargobus pakalpojumus, nodro\u0161in\u0101t pied\u0101v\u0101jumus, kas lab\u0101k atbilst klienta vajadz\u012bb\u0101m, k\u0101 ar\u012b nodro\u0161in\u0101t viegl\u0101ku un dro\u0161\u0101ku lieto\u0161anas pieredzi.<\/p><p><strong>Kas ir s\u012bkfaili?<\/strong><\/p><p>S\u012bkfails ir neliels teksta fails, kas tiek saglab\u0101ts dator\u0101 vai cit\u0101 ier\u012bc\u0113 (piem\u0113ram, mobilaj\u0101 t\u0101lrun\u012b), kad apmekl\u0113jat vietni. Teksta fail\u0101 ir inform\u0101cija, kas tiek izmantota, lai uzlabotu apmekl\u0113t\u0101ju pieredzi konkr\u0113taj\u0101 t\u012bmek\u013ca vietn\u0113. <\/p><p><strong>K\u0101dus s\u012bkfailus izmanto Cargobus un k\u0101diem m\u0113r\u0137iem?<\/strong><\/p><p>M\u0113s izmantojam da\u017e\u0101da veida s\u012bkfailus (past\u0101v\u012bgos un sesijas s\u012bkfailus). T\u0101s at\u0161\u0137iras p\u0113c lieto\u0161anas m\u0113r\u0137a un glab\u0101\u0161anas laika. Laika gait\u0101 izmantot\u0101s s\u012bkdatnes var tikt atjaunin\u0101tas un piel\u0101gotas, lai uzlabotu pakalpojuma snieg\u0161anas kvalit\u0101ti; tom\u0113r visp\u0101r\u0113jie izmanto\u0161anas m\u0113r\u0137i ir \u0161\u0101di:  <\/p><p><span style=\"color: #262626; font-family: -apple-system, system-ui, 'Segoe UI', Roboto, Helvetica, Arial, sans-serif; font-weight: bold;\">\u2713<\/span> Lietot\u0101ja autentifik\u0101cija &#8211; nodro\u0161ina lietot\u0101ja atpaz\u012b\u0161anu un dro\u0161\u0101ku vietnes lieto\u0161anu.<\/p><p><span style=\"color: #262626; font-family: -apple-system, system-ui, 'Segoe UI', Roboto, Helvetica, Arial, sans-serif; font-weight: bold;\">\u2713<\/span> Pakalpojumu snieg\u0161ana un uztur\u0113\u0161ana &#8211; s\u012bkfaili, kas funkcion\u0101li atbalsta Cargobus pakalpojumu snieg\u0161anu.<\/p><p><span style=\"color: #262626; font-family: -apple-system, system-ui, 'Segoe UI', Roboto, Helvetica, Arial, sans-serif; font-weight: bold;\">\u2713<\/span> T\u012bmek\u013ca vietnes dro\u0161\u012bba un pakalpojumu integrit\u0101te &#8211; s\u012bkfaili, kas pal\u012bdz veidot pakalpojumus, lai rad\u012btu vislab\u0101ko klientu pieredzi.<\/p><p><span style=\"color: #262626; font-family: -apple-system, system-ui, 'Segoe UI', Roboto, Helvetica, Arial, sans-serif; font-weight: bold;\">\u2713<\/span><span style=\"font-size: 16px;\"> Lieto\u0161anas statistika un anal\u012bze &#8211; sniedz inform\u0101ciju par to, k\u0101 un cik bie\u017ei lietot\u0101ji izmanto Cargobus t\u012bmek\u013ca vietnes, k\u0101das ir lietot\u0101ju grupas un k\u0101das mekl\u0113\u0161anas sist\u0113mas tiek izmantotas.<\/span> S\u012bkdat\u0146u statistiku var ieg\u016bt ar\u012b no partneru t\u012bmek\u013ca vietn\u0113m.<\/p><p><span style=\"color: #262626; font-family: -apple-system, system-ui, 'Segoe UI', Roboto, Helvetica, Arial, sans-serif; font-weight: bold;\">\u2713<\/span> Pakalpojumu veicin\u0101\u0161ana un klientu vajadz\u012bbu anal\u012bze &#8211; s\u012bkfaili, kas nodro\u0161ina klienta vajadz\u012bb\u0101m vispiem\u0113rot\u0101ko pied\u0101v\u0101jumu izstr\u0101di. Cargobus t\u012bmek\u013ca vietn\u0113 var tikt izmantota ar\u012b tre\u0161o personu s\u012bkdat\u0146u inform\u0101cija. Lietot\u0101jam var tikt r\u0101d\u012bti ar\u012b vispiem\u0113rot\u0101kie pied\u0101v\u0101jumi no partneru t\u012bmek\u013ca resursiem.  <\/p><p><strong>K\u0101 lietot\u0101js var izv\u0113l\u0113ties un main\u012bt s\u012bkfailu izmanto\u0161anu?<\/strong><\/p><p>Ja nev\u0113laties, lai j\u016bsu ier\u012bc\u0113s tiktu izmantoti s\u012bkfaili, varat main\u012bt p\u0101rl\u016bkprogrammas dro\u0161\u012bbas iestat\u012bjumus. \u0145emiet v\u0113r\u0101, ka ir j\u0101maina katras p\u0101rl\u016bkprogrammas iestat\u012bjumi, un iestat\u012b\u0161anas metodes var at\u0161\u0137irties. Tom\u0113r atcerieties, ka, nepie\u0146emot sesijas s\u012bkfailus, j\u016bs nevarat piln\u012bb\u0101 izmantot Cargobus tie\u0161saistes pakalpojumus Cargobus t\u012bmek\u013ca vietn\u0113.  <\/p><p><strong>Kur es varu ieg\u016bt inform\u0101ciju?<\/strong><\/p><p>Cargobus ir atbild\u012bgs par s\u012bkfailu izmanto\u0161anu savos t\u012bmek\u013ca resursos un j\u016bsu datu dro\u0161u apstr\u0101di. Ja jums ir k\u0101di jaut\u0101jumi vai ieteikumi, l\u016bdzu, sazinieties ar mums e-past\u0101: <strong><a title=\"cargobus@cargobus.lv\" href=\"mailto: cargobus@cargobus.lv\" target=\"_blank\" rel=\"noopener\">cargobus@cargobus.lv.<\/a><\/strong> <\/p><p>Mums r\u016bp j\u016bsu priv\u0101tums,<br>Cargobus<\/p>\t\t\t\t\t\t\t\t<\/div>\n\t\t\t\t\t<\/div>\n\t\t\t\t<\/div>\n\t\t\t\t<\/div>\n\t\t","protected":false},"excerpt":{"rendered":"<p>S\u012aKFAILU POLITIKA S\u012bkfailu politika Cargobus tie\u0161saistes resursos \u0160aj\u0101 dokument\u0101 ir aprakst\u012bta s\u012bkfailu izmanto\u0161ana www.cargobus.lv, s\u012bkfailu izmanto\u0161anas m\u0113r\u0137i, k\u0101 ar\u012b lietot\u0101ja [&hellip;]<\/p>\n","protected":false},"author":1,"featured_media":0,"parent":0,"menu_order":0,"comment_status":"closed","ping_status":"closed","template":"elementor_header_footer","meta":{"_acf_changed":false,"site-sidebar-layout":"default","site-content-layout":"","ast-site-content-layout":"default","site-content-style":"default","site-sidebar-style":"default","ast-global-header-display":"","ast-banner-title-visibility":"","ast-main-header-display":"","ast-hfb-above-header-display":"","ast-hfb-below-header-display":"","ast-hfb-mobile-header-display":"","site-post-title":"","ast-breadcrumbs-content":"","ast-featured-img":"","footer-sml-layout":"","ast-disable-related-posts":"","theme-transparent-header-meta":"","adv-header-id-meta":"","stick-header-meta":"","header-above-stick-meta":"","header-main-stick-meta":"","header-below-stick-meta":"","astra-migrate-meta-layouts":"default","ast-page-background-enabled":"default","ast-page-background-meta":{"desktop":{"background-color":"var(--ast-global-color-4)","background-image":"","background-repeat":"repeat","background-position":"center center","background-size":"auto","background-attachment":"scroll","background-type":"","background-media":"","overlay-type":"","overlay-color":"","overlay-opacity":"","overlay-gradient":""},"tablet":{"background-color":"","background-image":"","background-repeat":"repeat","background-position":"center center","background-size":"auto","background-attachment":"scroll","background-type":"","background-media":"","overlay-type":"","overlay-color":"","overlay-opacity":"","overlay-gradient":""},"mobile":{"background-color":"","background-image":"","background-repeat":"repeat","background-position":"center center","background-size":"auto","background-attachment":"scroll","background-type":"","background-media":"","overlay-type":"","overlay-color":"","overlay-opacity":"","overlay-gradient":""}},"ast-content-background-meta":{"desktop":{"background-color":"var(--ast-global-color-5)","background-image":"","background-repeat":"repeat","background-position":"center center","background-size":"auto","background-attachment":"scroll","background-type":"","background-media":"","overlay-type":"","overlay-color":"","overlay-opacity":"","overlay-gradient":""},"tablet":{"background-color":"var(--ast-global-color-5)","background-image":"","background-repeat":"repeat","background-position":"center center","background-size":"auto","background-attachment":"scroll","background-type":"","background-media":"","overlay-type":"","overlay-color":"","overlay-opacity":"","overlay-gradient":""},"mobile":{"background-color":"var(--ast-global-color-5)","background-image":"","background-repeat":"repeat","background-position":"center center","background-size":"auto","background-attachment":"scroll","background-type":"","background-media":"","overlay-type":"","overlay-color":"","overlay-opacity":"","overlay-gradient":""}},"footnotes":""},"class_list":["post-14488","page","type-page","status-publish","hentry"],"acf":[],"_links":{"self":[{"href":"https:\/\/lv.cargobus.ee\/lv\/wp-json\/wp\/v2\/pages\/14488","targetHints":{"allow":["GET"]}}],"collection":[{"href":"https:\/\/lv.cargobus.ee\/lv\/wp-json\/wp\/v2\/pages"}],"about":[{"href":"https:\/\/lv.cargobus.ee\/lv\/wp-json\/wp\/v2\/types\/page"}],"author":[{"embeddable":true,"href":"https:\/\/lv.cargobus.ee\/lv\/wp-json\/wp\/v2\/users\/1"}],"replies":[{"embeddable":true,"href":"https:\/\/lv.cargobus.ee\/lv\/wp-json\/wp\/v2\/comments?post=14488"}],"version-history":[{"count":0,"href":"https:\/\/lv.cargobus.ee\/lv\/wp-json\/wp\/v2\/pages\/14488\/revisions"}],"wp:attachment":[{"href":"https:\/\/lv.cargobus.ee\/lv\/wp-json\/wp\/v2\/media?parent=14488"}],"curies":[{"name":"wp","href":"https:\/\/api.w.org\/{rel}","templated":true}]}}