{"id":14492,"date":"2024-05-22T15:40:09","date_gmt":"2024-05-22T12:40:09","guid":{"rendered":"https:\/\/lv.cargobus.ee\/how-to-send\/"},"modified":"2026-02-09T13:11:03","modified_gmt":"2026-02-09T10:11:03","slug":"how-to-send","status":"publish","type":"page","link":"https:\/\/lv.cargobus.ee\/lv\/how-to-send\/","title":{"rendered":"K\u0100 NOS\u016aT\u012aT"},"content":{"rendered":"\t\t<div data-elementor-type=\"wp-page\" data-elementor-id=\"14492\" class=\"elementor elementor-14492 elementor-466\" data-elementor-settings=\"{&quot;element_pack_global_tooltip_width&quot;:{&quot;unit&quot;:&quot;px&quot;,&quot;size&quot;:&quot;&quot;,&quot;sizes&quot;:[]},&quot;element_pack_global_tooltip_width_laptop&quot;:{&quot;unit&quot;:&quot;px&quot;,&quot;size&quot;:&quot;&quot;,&quot;sizes&quot;:[]},&quot;element_pack_global_tooltip_width_tablet&quot;:{&quot;unit&quot;:&quot;px&quot;,&quot;size&quot;:&quot;&quot;,&quot;sizes&quot;:[]},&quot;element_pack_global_tooltip_width_mobile&quot;:{&quot;unit&quot;:&quot;px&quot;,&quot;size&quot;:&quot;&quot;,&quot;sizes&quot;:[]},&quot;element_pack_global_tooltip_padding&quot;:{&quot;unit&quot;:&quot;px&quot;,&quot;top&quot;:&quot;&quot;,&quot;right&quot;:&quot;&quot;,&quot;bottom&quot;:&quot;&quot;,&quot;left&quot;:&quot;&quot;,&quot;isLinked&quot;:true},&quot;element_pack_global_tooltip_padding_laptop&quot;:{&quot;unit&quot;:&quot;px&quot;,&quot;top&quot;:&quot;&quot;,&quot;right&quot;:&quot;&quot;,&quot;bottom&quot;:&quot;&quot;,&quot;left&quot;:&quot;&quot;,&quot;isLinked&quot;:true},&quot;element_pack_global_tooltip_padding_tablet&quot;:{&quot;unit&quot;:&quot;px&quot;,&quot;top&quot;:&quot;&quot;,&quot;right&quot;:&quot;&quot;,&quot;bottom&quot;:&quot;&quot;,&quot;left&quot;:&quot;&quot;,&quot;isLinked&quot;:true},&quot;element_pack_global_tooltip_padding_mobile&quot;:{&quot;unit&quot;:&quot;px&quot;,&quot;top&quot;:&quot;&quot;,&quot;right&quot;:&quot;&quot;,&quot;bottom&quot;:&quot;&quot;,&quot;left&quot;:&quot;&quot;,&quot;isLinked&quot;:true},&quot;element_pack_global_tooltip_border_radius&quot;:{&quot;unit&quot;:&quot;px&quot;,&quot;top&quot;:&quot;&quot;,&quot;right&quot;:&quot;&quot;,&quot;bottom&quot;:&quot;&quot;,&quot;left&quot;:&quot;&quot;,&quot;isLinked&quot;:true},&quot;element_pack_global_tooltip_border_radius_laptop&quot;:{&quot;unit&quot;:&quot;px&quot;,&quot;top&quot;:&quot;&quot;,&quot;right&quot;:&quot;&quot;,&quot;bottom&quot;:&quot;&quot;,&quot;left&quot;:&quot;&quot;,&quot;isLinked&quot;:true},&quot;element_pack_global_tooltip_border_radius_tablet&quot;:{&quot;unit&quot;:&quot;px&quot;,&quot;top&quot;:&quot;&quot;,&quot;right&quot;:&quot;&quot;,&quot;bottom&quot;:&quot;&quot;,&quot;left&quot;:&quot;&quot;,&quot;isLinked&quot;:true},&quot;element_pack_global_tooltip_border_radius_mobile&quot;:{&quot;unit&quot;:&quot;px&quot;,&quot;top&quot;:&quot;&quot;,&quot;right&quot;:&quot;&quot;,&quot;bottom&quot;:&quot;&quot;,&quot;left&quot;:&quot;&quot;,&quot;isLinked&quot;:true}}\" data-elementor-post-type=\"page\">\n\t\t\t\t<div class=\"elementor-element elementor-element-aa0edf0 e-flex e-con-boxed e-con e-parent\" data-id=\"aa0edf0\" data-element_type=\"container\" data-e-type=\"container\" data-settings=\"{&quot;background_background&quot;:&quot;classic&quot;}\">\n\t\t\t\t\t<div class=\"e-con-inner\">\n\t\t<div class=\"elementor-element elementor-element-5ffeaf6 e-con-full e-flex e-con e-child\" data-id=\"5ffeaf6\" data-element_type=\"container\" data-e-type=\"container\">\n\t\t\t\t<div class=\"elementor-element elementor-element-5b12412 elementor-widget elementor-widget-heading\" data-id=\"5b12412\" data-element_type=\"widget\" data-e-type=\"widget\" data-widget_type=\"heading.default\">\n\t\t\t\t\t<h3 class=\"elementor-heading-title elementor-size-default\">PAS\u016aT\u012aJUMA VEIDLAPAS AIZPILD\u012a\u0160ANA<\/h3>\t\t\t\t<\/div>\n\t\t\t\t<div class=\"elementor-element elementor-element-d44de6a elementor-widget__width-initial elementor-widget elementor-widget-text-editor\" data-id=\"d44de6a\" data-element_type=\"widget\" data-e-type=\"widget\" data-widget_type=\"text-editor.default\">\n\t\t\t\t\t\t\t\t\t<p>Izv\u0113lieties, k\u0101 v\u0113laties s\u016bt\u012bt savu s\u016bt\u012bjumu, un aizpildiet izm\u0113ra un svara laukus.<\/p><p><span style=\"color: #262626; font-family: -apple-system, system-ui, 'Segoe UI', Roboto, Helvetica, Arial, sans-serif; font-weight: bold;\">\u2192<\/span> Ekspress pakalpojums no termin\u0101\u013ca l\u012bdz termin\u0101lim.<br><span style=\"color: #262626; font-family: -apple-system, system-ui, 'Segoe UI', Roboto, Helvetica, Arial, sans-serif; font-weight: bold;\">\u2192<\/span> Kurjers no durv\u012bm l\u012bdz durv\u012bm.<br><span style=\"color: #262626; font-family: -apple-system, system-ui, 'Segoe UI', Roboto, Helvetica, Arial, sans-serif; font-weight: bold;\">\u2192<\/span> No s\u016bt\u012bt\u0101ja adreses ar kurjeru uz Cargobus termin\u0101li.<br><span style=\"color: #262626; font-family: -apple-system, system-ui, 'Segoe UI', Roboto, Helvetica, Arial, sans-serif; font-weight: bold;\">\u2192<\/span> No Cargobus termin\u0101\u013ca ar kurjeru uz sa\u0146\u0113m\u0113ja adresi.<\/p>\t\t\t\t\t\t\t\t<\/div>\n\t\t\t\t<\/div>\n\t\t<div class=\"elementor-element elementor-element-8f6a70c e-con-full e-flex e-con e-child\" data-id=\"8f6a70c\" data-element_type=\"container\" data-e-type=\"container\">\n\t\t\t\t<div class=\"elementor-element elementor-element-b80a97c elementor-widget elementor-widget-image\" data-id=\"b80a97c\" data-element_type=\"widget\" data-e-type=\"widget\" data-widget_type=\"image.default\">\n\t\t\t\t\t\t\t\t\t\t\t\t\t\t\t<img fetchpriority=\"high\" decoding=\"async\" width=\"960\" height=\"480\" src=\"https:\/\/lv.cargobus.ee\/wp-content\/uploads\/2024\/05\/Cargobus-fill-out-the-order-form.webp\" class=\"attachment-full size-full wp-image-14493\" alt=\"\" srcset=\"https:\/\/lv.cargobus.ee\/wp-content\/uploads\/2024\/05\/Cargobus-fill-out-the-order-form.webp 960w, https:\/\/lv.cargobus.ee\/wp-content\/uploads\/2024\/05\/Cargobus-fill-out-the-order-form-300x150.webp 300w, https:\/\/lv.cargobus.ee\/wp-content\/uploads\/2024\/05\/Cargobus-fill-out-the-order-form-768x384.webp 768w\" sizes=\"(max-width: 960px) 100vw, 960px\" \/>\t\t\t\t\t\t\t\t\t\t\t\t\t\t\t<\/div>\n\t\t\t\t<\/div>\n\t\t\t\t\t<\/div>\n\t\t\t\t<\/div>\n\t\t<div class=\"elementor-element elementor-element-2045372 e-flex e-con-boxed e-con e-parent\" data-id=\"2045372\" data-element_type=\"container\" data-e-type=\"container\" data-settings=\"{&quot;background_background&quot;:&quot;classic&quot;}\">\n\t\t\t\t\t<div class=\"e-con-inner\">\n\t\t<div class=\"elementor-element elementor-element-da84cae e-con-full e-flex e-con e-child\" data-id=\"da84cae\" data-element_type=\"container\" data-e-type=\"container\">\n\t\t\t\t<div class=\"elementor-element elementor-element-2f3a471 elementor-widget elementor-widget-image\" data-id=\"2f3a471\" data-element_type=\"widget\" data-e-type=\"widget\" data-widget_type=\"image.default\">\n\t\t\t\t\t\t\t\t\t\t\t\t\t\t\t<img decoding=\"async\" width=\"960\" height=\"480\" src=\"https:\/\/lv.cargobus.ee\/wp-content\/uploads\/2024\/05\/Cargobus-select-services.webp\" class=\"attachment-full size-full wp-image-14494\" alt=\"\" srcset=\"https:\/\/lv.cargobus.ee\/wp-content\/uploads\/2024\/05\/Cargobus-select-services.webp 960w, https:\/\/lv.cargobus.ee\/wp-content\/uploads\/2024\/05\/Cargobus-select-services-300x150.webp 300w, https:\/\/lv.cargobus.ee\/wp-content\/uploads\/2024\/05\/Cargobus-select-services-768x384.webp 768w\" sizes=\"(max-width: 960px) 100vw, 960px\" \/>\t\t\t\t\t\t\t\t\t\t\t\t\t\t\t<\/div>\n\t\t\t\t<\/div>\n\t\t<div class=\"elementor-element elementor-element-3d80922 e-con-full e-flex e-con e-child\" data-id=\"3d80922\" data-element_type=\"container\" data-e-type=\"container\">\n\t\t\t\t<div class=\"elementor-element elementor-element-d4b37d9 elementor-widget__width-initial elementor-widget elementor-widget-heading\" data-id=\"d4b37d9\" data-element_type=\"widget\" data-e-type=\"widget\" data-widget_type=\"heading.default\">\n\t\t\t\t\t<h3 class=\"elementor-heading-title elementor-size-default\">PAKALPOJUMU IZV\u0112LE<\/h3>\t\t\t\t<\/div>\n\t\t\t\t<div class=\"elementor-element elementor-element-7de36d2 elementor-widget__width-initial elementor-widget elementor-widget-text-editor\" data-id=\"7de36d2\" data-element_type=\"widget\" data-e-type=\"widget\" data-widget_type=\"text-editor.default\">\n\t\t\t\t\t\t\t\t\t<p>Ja nepiecie\u0161ams, pievienojiet s\u016bt\u012bjumam v\u0113rt\u012bbas apdro\u0161in\u0101\u0161anu vai \u012bpa\u0161u apstr\u0101di. Iepaz\u012bstieties ar <strong><a title=\"VISI PAKALPOJUMI\" href=\"https:\/\/lv.cargobus.ee\/lv\/services\/all-services\/\" target=\"_blank\" rel=\"noopener\">VISIEM PAKALPOJUMIEM<\/a><\/strong> ko m\u0113s pied\u0101v\u0101jam!<\/p><p><span style=\"font-size: 16px;\">Sist\u0113ma apr\u0113\u0137in\u0101s gal\u012bg\u0101s pieg\u0101des izmaksas, noklik\u0161\u0137inot uz pogas <strong>IZVEIDOT<\/strong><\/span><strong>\u00a0PAS\u016aT\u012aJUMU<\/strong>.<\/p>\t\t\t\t\t\t\t\t<\/div>\n\t\t\t\t<\/div>\n\t\t\t\t\t<\/div>\n\t\t\t\t<\/div>\n\t\t<div class=\"elementor-element elementor-element-29c30bf e-flex e-con-boxed e-con e-parent\" data-id=\"29c30bf\" data-element_type=\"container\" data-e-type=\"container\" data-settings=\"{&quot;background_background&quot;:&quot;classic&quot;}\">\n\t\t\t\t\t<div class=\"e-con-inner\">\n\t\t<div class=\"elementor-element elementor-element-e680fde e-con-full e-flex e-con e-child\" data-id=\"e680fde\" data-element_type=\"container\" data-e-type=\"container\">\n\t\t\t\t<div class=\"elementor-element elementor-element-f6044a7 elementor-widget__width-initial elementor-widget elementor-widget-heading\" data-id=\"f6044a7\" data-element_type=\"widget\" data-e-type=\"widget\" data-widget_type=\"heading.default\">\n\t\t\t\t\t<h3 class=\"elementor-heading-title elementor-size-default\">KONTAKTINFORM\u0100CIJAS IEVAD\u012a\u0160ANA<\/h3>\t\t\t\t<\/div>\n\t\t\t\t<div class=\"elementor-element elementor-element-efd851f elementor-widget__width-initial elementor-widget elementor-widget-text-editor\" data-id=\"efd851f\" data-element_type=\"widget\" data-e-type=\"widget\" data-widget_type=\"text-editor.default\">\n\t\t\t\t\t\t\t\t\t<p>Pievienojiet s\u016bt\u012bt\u0101ja un sa\u0146\u0113m\u0113ja inform\u0101ciju.<\/p><p>Uzziniet vair\u0101k par s\u016bt\u012bjumu adres\u0113\u0161anu <strong><a title=\"K\u0100 IEPAKOT?\" href=\"\/en\/info\/how-to-pack\/\" target=\"_blank\" rel=\"noopener\">\u0160EIT<\/a><\/strong>!<\/p>\t\t\t\t\t\t\t\t<\/div>\n\t\t\t\t<\/div>\n\t\t<div class=\"elementor-element elementor-element-626d7ef e-con-full e-flex e-con e-child\" data-id=\"626d7ef\" data-element_type=\"container\" data-e-type=\"container\">\n\t\t\t\t<div class=\"elementor-element elementor-element-2405735 elementor-widget elementor-widget-image\" data-id=\"2405735\" data-element_type=\"widget\" data-e-type=\"widget\" data-widget_type=\"image.default\">\n\t\t\t\t\t\t\t\t\t\t\t\t\t\t\t<img decoding=\"async\" width=\"960\" height=\"480\" src=\"https:\/\/lv.cargobus.ee\/wp-content\/uploads\/2024\/05\/Cargobus-enter-contact-information.webp\" class=\"attachment-full size-full wp-image-14495\" alt=\"\" srcset=\"https:\/\/lv.cargobus.ee\/wp-content\/uploads\/2024\/05\/Cargobus-enter-contact-information.webp 960w, https:\/\/lv.cargobus.ee\/wp-content\/uploads\/2024\/05\/Cargobus-enter-contact-information-300x150.webp 300w, https:\/\/lv.cargobus.ee\/wp-content\/uploads\/2024\/05\/Cargobus-enter-contact-information-768x384.webp 768w\" sizes=\"(max-width: 960px) 100vw, 960px\" \/>\t\t\t\t\t\t\t\t\t\t\t\t\t\t\t<\/div>\n\t\t\t\t<\/div>\n\t\t\t\t\t<\/div>\n\t\t\t\t<\/div>\n\t\t<div class=\"elementor-element elementor-element-051f555 e-flex e-con-boxed e-con e-parent\" data-id=\"051f555\" data-element_type=\"container\" data-e-type=\"container\" data-settings=\"{&quot;background_background&quot;:&quot;classic&quot;}\">\n\t\t\t\t\t<div class=\"e-con-inner\">\n\t\t<div class=\"elementor-element elementor-element-728d81d e-con-full e-flex e-con e-child\" data-id=\"728d81d\" data-element_type=\"container\" data-e-type=\"container\">\n\t\t\t\t<div class=\"elementor-element elementor-element-e6f6652 elementor-widget elementor-widget-image\" data-id=\"e6f6652\" data-element_type=\"widget\" data-e-type=\"widget\" data-widget_type=\"image.default\">\n\t\t\t\t\t\t\t\t\t\t\t\t\t\t\t<img loading=\"lazy\" decoding=\"async\" width=\"960\" height=\"480\" src=\"https:\/\/lv.cargobus.ee\/wp-content\/uploads\/2024\/05\/Cargobus-choose-the-payment-method.webp\" class=\"attachment-full size-full wp-image-14496\" alt=\"\" srcset=\"https:\/\/lv.cargobus.ee\/wp-content\/uploads\/2024\/05\/Cargobus-choose-the-payment-method.webp 960w, https:\/\/lv.cargobus.ee\/wp-content\/uploads\/2024\/05\/Cargobus-choose-the-payment-method-300x150.webp 300w, https:\/\/lv.cargobus.ee\/wp-content\/uploads\/2024\/05\/Cargobus-choose-the-payment-method-768x384.webp 768w\" sizes=\"(max-width: 960px) 100vw, 960px\" \/>\t\t\t\t\t\t\t\t\t\t\t\t\t\t\t<\/div>\n\t\t\t\t<\/div>\n\t\t<div class=\"elementor-element elementor-element-695b580 e-con-full e-flex e-con e-child\" data-id=\"695b580\" data-element_type=\"container\" data-e-type=\"container\">\n\t\t\t\t<div class=\"elementor-element elementor-element-ed99c1e elementor-widget__width-initial elementor-widget elementor-widget-heading\" data-id=\"ed99c1e\" data-element_type=\"widget\" data-e-type=\"widget\" data-widget_type=\"heading.default\">\n\t\t\t\t\t<h3 class=\"elementor-heading-title elementor-size-default\">MAKS\u0100JUMU METODES IZV\u0112LE<\/h3>\t\t\t\t<\/div>\n\t\t\t\t<div class=\"elementor-element elementor-element-aaa3fe5 elementor-widget__width-initial elementor-widget elementor-widget-text-editor\" data-id=\"aaa3fe5\" data-element_type=\"widget\" data-e-type=\"widget\" data-widget_type=\"text-editor.default\">\n\t\t\t\t\t\t\t\t\t<p>Pas\u016bt\u012bjuma veidlapas p\u0113d\u0113jais posms ir elektroniskais maks\u0101jums.<\/p><p>Maks\u0101jumu metodes ir PaySera vai PayPal dro\u0161as maks\u0101jumu vides.<\/p>\t\t\t\t\t\t\t\t<\/div>\n\t\t\t\t<\/div>\n\t\t\t\t\t<\/div>\n\t\t\t\t<\/div>\n\t\t<div class=\"elementor-element elementor-element-09b2a17 e-flex e-con-boxed e-con e-parent\" data-id=\"09b2a17\" data-element_type=\"container\" data-e-type=\"container\" data-settings=\"{&quot;background_background&quot;:&quot;classic&quot;}\">\n\t\t\t\t\t<div class=\"e-con-inner\">\n\t\t<div class=\"elementor-element elementor-element-6c44e65 e-con-full e-flex e-con e-child\" data-id=\"6c44e65\" data-element_type=\"container\" data-e-type=\"container\">\n\t\t\t\t<div class=\"elementor-element elementor-element-770af22 elementor-widget__width-initial elementor-widget elementor-widget-heading\" data-id=\"770af22\" data-element_type=\"widget\" data-e-type=\"widget\" data-widget_type=\"heading.default\">\n\t\t\t\t\t<h3 class=\"elementor-heading-title elementor-size-default\">PAKAS NOS\u016aT\u012a\u0160ANA<\/h3>\t\t\t\t<\/div>\n\t\t\t\t<div class=\"elementor-element elementor-element-6a656ee elementor-widget__width-initial elementor-widget elementor-widget-text-editor\" data-id=\"6a656ee\" data-element_type=\"widget\" data-e-type=\"widget\" data-widget_type=\"text-editor.default\">\n\t\t\t\t\t\t\t\t\t<p>Izdruk\u0101jiet un redzam\u0101 viet\u0101 piestipriniet s\u016bt\u012bjuma eti\u0137eti un nog\u0101d\u0101jiet to Cargobus termin\u0101l\u012b vai nododiet kurjeram.<\/p><p>Ja jums nav iesp\u0113jas druk\u0101t, uz s\u016bt\u012bjuma nepiecie\u0161amo inform\u0101ciju ierakstiet ar roku un salas\u0101m\u0101 rokrakst\u0101. Uzziniet vair\u0101k par s\u016bt\u012bjuma adres\u0113\u0161anu <strong><a title=\"K\u0100 P\u0100KOT?\" href=\"\/en\/info\/how-to-pack\/\" target=\"_blank\" rel=\"noopener\">\u0160EIT<\/a><\/strong>! <\/p>\t\t\t\t\t\t\t\t<\/div>\n\t\t\t\t<\/div>\n\t\t<div class=\"elementor-element elementor-element-f877d5c e-con-full e-flex e-con e-child\" data-id=\"f877d5c\" data-element_type=\"container\" data-e-type=\"container\">\n\t\t\t\t<div class=\"elementor-element elementor-element-66bb7fe elementor-widget elementor-widget-image\" data-id=\"66bb7fe\" data-element_type=\"widget\" data-e-type=\"widget\" data-widget_type=\"image.default\">\n\t\t\t\t\t\t\t\t\t\t\t\t\t\t\t<img loading=\"lazy\" decoding=\"async\" width=\"960\" height=\"480\" src=\"https:\/\/lv.cargobus.ee\/wp-content\/uploads\/2024\/05\/Cargobus-print-the-parcel-label.webp\" class=\"attachment-full size-full wp-image-14497\" alt=\"\" srcset=\"https:\/\/lv.cargobus.ee\/wp-content\/uploads\/2024\/05\/Cargobus-print-the-parcel-label.webp 960w, https:\/\/lv.cargobus.ee\/wp-content\/uploads\/2024\/05\/Cargobus-print-the-parcel-label-300x150.webp 300w, https:\/\/lv.cargobus.ee\/wp-content\/uploads\/2024\/05\/Cargobus-print-the-parcel-label-768x384.webp 768w\" sizes=\"(max-width: 960px) 100vw, 960px\" \/>\t\t\t\t\t\t\t\t\t\t\t\t\t\t\t<\/div>\n\t\t\t\t<\/div>\n\t\t\t\t\t<\/div>\n\t\t\t\t<\/div>\n\t\t<div class=\"elementor-element elementor-element-62d3f2d e-flex e-con-boxed e-con e-parent\" data-id=\"62d3f2d\" data-element_type=\"container\" data-e-type=\"container\" data-settings=\"{&quot;background_background&quot;:&quot;classic&quot;}\">\n\t\t\t\t\t<div class=\"e-con-inner\">\n\t\t<div class=\"elementor-element elementor-element-a7fad5b e-con-full e-flex e-con e-child\" data-id=\"a7fad5b\" data-element_type=\"container\" data-e-type=\"container\">\n\t\t\t\t<div class=\"elementor-element elementor-element-8322be8 elementor-widget elementor-widget-image\" data-id=\"8322be8\" data-element_type=\"widget\" data-e-type=\"widget\" data-widget_type=\"image.default\">\n\t\t\t\t\t\t\t\t\t\t\t\t\t\t\t<img loading=\"lazy\" decoding=\"async\" width=\"960\" height=\"480\" src=\"https:\/\/lv.cargobus.ee\/wp-content\/uploads\/2024\/05\/Cargobus-track-the-shipment.webp\" class=\"attachment-full size-full wp-image-14498\" alt=\"\" srcset=\"https:\/\/lv.cargobus.ee\/wp-content\/uploads\/2024\/05\/Cargobus-track-the-shipment.webp 960w, https:\/\/lv.cargobus.ee\/wp-content\/uploads\/2024\/05\/Cargobus-track-the-shipment-300x150.webp 300w, https:\/\/lv.cargobus.ee\/wp-content\/uploads\/2024\/05\/Cargobus-track-the-shipment-768x384.webp 768w\" sizes=\"(max-width: 960px) 100vw, 960px\" \/>\t\t\t\t\t\t\t\t\t\t\t\t\t\t\t<\/div>\n\t\t\t\t<\/div>\n\t\t<div class=\"elementor-element elementor-element-135b626 e-con-full e-flex e-con e-child\" data-id=\"135b626\" data-element_type=\"container\" data-e-type=\"container\">\n\t\t\t\t<div class=\"elementor-element elementor-element-9fcbee1 elementor-widget__width-initial elementor-widget-mobile__width-initial elementor-widget elementor-widget-heading\" data-id=\"9fcbee1\" data-element_type=\"widget\" data-e-type=\"widget\" data-widget_type=\"heading.default\">\n\t\t\t\t\t<h3 class=\"elementor-heading-title elementor-size-default\">PAKU IZSEKO\u0160ANA<\/h3>\t\t\t\t<\/div>\n\t\t\t\t<div class=\"elementor-element elementor-element-75dad1f elementor-widget__width-initial elementor-widget elementor-widget-text-editor\" data-id=\"75dad1f\" data-element_type=\"widget\" data-e-type=\"widget\" data-widget_type=\"text-editor.default\">\n\t\t\t\t\t\t\t\t\t<div class=\"additional_list_text w50\"><div class=\"list_text_wrap\"><p>S\u016bt\u012bjuma mar\u0161rutu var apskat\u012bt, izmantojot uz e-pastu nos\u016bt\u012bto izseko\u0161anas saiti vai izseko\u0161anas numuru Cargobus t\u012bmek\u013ca vietn\u0113.<\/p><\/div><\/div>\t\t\t\t\t\t\t\t<\/div>\n\t\t\t\t<\/div>\n\t\t\t\t\t<\/div>\n\t\t\t\t<\/div>\n\t\t\t\t<\/div>\n\t\t","protected":false},"excerpt":{"rendered":"<p>PAS\u016aT\u012aJUMA VEIDLAPAS AIZPILD\u012a\u0160ANA Izv\u0113lieties, k\u0101 v\u0113laties s\u016bt\u012bt savu s\u016bt\u012bjumu, un aizpildiet izm\u0113ra un svara laukus. \u2192 Ekspress pakalpojums no termin\u0101\u013ca [&hellip;]<\/p>\n","protected":false},"author":1,"featured_media":0,"parent":0,"menu_order":0,"comment_status":"closed","ping_status":"closed","template":"elementor_header_footer","meta":{"_acf_changed":false,"site-sidebar-layout":"default","site-content-layout":"","ast-site-content-layout":"default","site-content-style":"default","site-sidebar-style":"default","ast-global-header-display":"","ast-banner-title-visibility":"","ast-main-header-display":"","ast-hfb-above-header-display":"","ast-hfb-below-header-display":"","ast-hfb-mobile-header-display":"","site-post-title":"","ast-breadcrumbs-content":"","ast-featured-img":"","footer-sml-layout":"","ast-disable-related-posts":"","theme-transparent-header-meta":"","adv-header-id-meta":"","stick-header-meta":"","header-above-stick-meta":"","header-main-stick-meta":"","header-below-stick-meta":"","astra-migrate-meta-layouts":"default","ast-page-background-enabled":"default","ast-page-background-meta":{"desktop":{"background-color":"var(--ast-global-color-4)","background-image":"","background-repeat":"repeat","background-position":"center center","background-size":"auto","background-attachment":"scroll","background-type":"","background-media":"","overlay-type":"","overlay-color":"","overlay-opacity":"","overlay-gradient":""},"tablet":{"background-color":"","background-image":"","background-repeat":"repeat","background-position":"center center","background-size":"auto","background-attachment":"scroll","background-type":"","background-media":"","overlay-type":"","overlay-color":"","overlay-opacity":"","overlay-gradient":""},"mobile":{"background-color":"","background-image":"","background-repeat":"repeat","background-position":"center center","background-size":"auto","background-attachment":"scroll","background-type":"","background-media":"","overlay-type":"","overlay-color":"","overlay-opacity":"","overlay-gradient":""}},"ast-content-background-meta":{"desktop":{"background-color":"var(--ast-global-color-5)","background-image":"","background-repeat":"repeat","background-position":"center center","background-size":"auto","background-attachment":"scroll","background-type":"","background-media":"","overlay-type":"","overlay-color":"","overlay-opacity":"","overlay-gradient":""},"tablet":{"background-color":"var(--ast-global-color-5)","background-image":"","background-repeat":"repeat","background-position":"center center","background-size":"auto","background-attachment":"scroll","background-type":"","background-media":"","overlay-type":"","overlay-color":"","overlay-opacity":"","overlay-gradient":""},"mobile":{"background-color":"var(--ast-global-color-5)","background-image":"","background-repeat":"repeat","background-position":"center center","background-size":"auto","background-attachment":"scroll","background-type":"","background-media":"","overlay-type":"","overlay-color":"","overlay-opacity":"","overlay-gradient":""}},"footnotes":""},"class_list":["post-14492","page","type-page","status-publish","hentry"],"acf":[],"_links":{"self":[{"href":"https:\/\/lv.cargobus.ee\/lv\/wp-json\/wp\/v2\/pages\/14492","targetHints":{"allow":["GET"]}}],"collection":[{"href":"https:\/\/lv.cargobus.ee\/lv\/wp-json\/wp\/v2\/pages"}],"about":[{"href":"https:\/\/lv.cargobus.ee\/lv\/wp-json\/wp\/v2\/types\/page"}],"author":[{"embeddable":true,"href":"https:\/\/lv.cargobus.ee\/lv\/wp-json\/wp\/v2\/users\/1"}],"replies":[{"embeddable":true,"href":"https:\/\/lv.cargobus.ee\/lv\/wp-json\/wp\/v2\/comments?post=14492"}],"version-history":[{"count":0,"href":"https:\/\/lv.cargobus.ee\/lv\/wp-json\/wp\/v2\/pages\/14492\/revisions"}],"wp:attachment":[{"href":"https:\/\/lv.cargobus.ee\/lv\/wp-json\/wp\/v2\/media?parent=14492"}],"curies":[{"name":"wp","href":"https:\/\/api.w.org\/{rel}","templated":true}]}}