{"id":14500,"date":"2024-05-22T10:59:13","date_gmt":"2024-05-22T07:59:13","guid":{"rendered":"https:\/\/lv.cargobus.ee\/info\/"},"modified":"2026-02-18T13:02:47","modified_gmt":"2026-02-18T10:02:47","slug":"info","status":"publish","type":"page","link":"https:\/\/lv.cargobus.ee\/lv\/info\/","title":{"rendered":"INFO"},"content":{"rendered":"\n<h2 class=\"wp-block-heading\"> <\/h2>\n\n\n\n<h1 class=\"wp-block-heading has-text-align-center has-ast-global-color-1-color has-text-color has-link-color wp-elements-6237dd03031f65a33ca364780fb3ea9c\" style=\"font-size:26px\"><strong>Ar Cargobus iesp\u0113jams s\u016bt\u012bt lielus un mazus s\u016bt\u012bjumus Baltij\u0101. <\/strong><\/h1>\n\n\n\n<h3 class=\"wp-block-heading has-text-align-center has-ast-global-color-1-color has-text-color has-link-color wp-elements-7f81d9b4d07d37715d874f2042449a15\">K\u0101 ar\u012b nos\u016bt\u012bt pakas&nbsp;uz Eiropu un citviet Pasaul\u0113.<\/h3>\n\n\n\n<p><\/p>\n\n\n\n<figure class=\"wp-block-image aligncenter is-style-default\"><img decoding=\"async\" src=\"https:\/\/lv.cargobus.ee\/wp-content\/uploads\/2025\/10\/20241007_161240-stavvieta-1024x729.jpg\" alt=\"Par Cargobus Latvija\"\/><\/figure>\n\n\n\n<h2 class=\"wp-block-heading has-text-align-center has-ast-global-color-1-color has-text-color has-link-color wp-elements-cb495163a0a26c6c8258a1b05d28803e\">S\u016bt\u012bjumu pieg\u0101de<\/h2>\n\n\n\n<p class=\"has-text-align-center\">&nbsp;Latvij\u0101 Cargobus str\u0101d\u0101 jau vair\u0101k nek\u0101 20 gadus.<\/p>\n\n\n\n<p class=\"has-text-align-center\">M\u016bsu galven\u0101 priorit\u0101te ir dro\u0161\u012bba, \u0101trums un draudz\u012bgi sadarb\u012bbas nosac\u012bjumi.<\/p>\n\n\n\n<h2 class=\"wp-block-heading has-text-align-center has-ast-global-color-1-color has-text-color has-link-color wp-elements-2da8658b060fc87d3efb79e04d49a82d\">Cargobus Klientu Centrs<\/h2>\n\n\n\n<p class=\"has-text-align-center\">No 2024. gada 1. septembra ir atv\u0113rts Klientu Apkalpo\u0161anas centrs Last\u0101dijas 1A, R\u012bgas autoost\u0101.<\/p>\n\n\n\n<p class=\"has-text-align-center\">Pateicoties tam varam nodro\u0161in\u0101t s\u016bt\u012bjumu pieg\u0101di ar\u012b ar Lux Express autobusiem, t\u0101d\u0113j\u0101di veicot \u0101tr\u0101kas pieg\u0101des.<\/p>\n\n\n\n<p class=\"has-text-align-center\">Aicin\u0101m izmantot t\u0101s pa\u0161as dienas pieg\u0101des uz t\u0101d\u0101m pils\u0113t\u0101m k\u0101 Liep\u0101ja, Daugavpils, Tallina, P\u0113rnava, Tartu, Vi\u013c\u0146a.<\/p>\n\n\n\n<p class=\"has-text-align-center\">Par prec\u012bz\u0101kiem nos\u016bt\u012b\u0161anas laikiem l\u016bdzu vaic\u0101t Cargobus Klientu apkalpo\u0161anas centr\u0101, vai zvanot<\/p>\n\n\n\n<p class=\"has-text-align-center\">Klientiem pieejama bezmaksas autost\u0101vvieta, pie pa\u0161a biroja.<\/p>\n\n\n\n<p class=\"has-text-align-center\">Klientu Centra darba laiki: Pirmdiena \u2013 Piektdiena no 9.00 l\u012bdz 18.00<\/p>\n\n\n\n<p> <\/p>\n\n\n\n<h2 class=\"wp-block-heading has-text-align-center has-ast-global-color-1-color has-text-color has-link-color wp-elements-6332704ce8c71afc2c2dfea62bf183de\">Aicin\u0101m atnest s\u016bt\u012bjumu uz Cargobus termin\u0101lu vai izsaukt kurjeru pa\u0146em\u0161anai!<\/h2>\n\n\n\n<p><\/p>\n","protected":false},"excerpt":{"rendered":"<p>Ar Cargobus iesp\u0113jams s\u016bt\u012bt lielus un mazus s\u016bt\u012bjumus Baltij\u0101. K\u0101 ar\u012b nos\u016bt\u012bt pakas&nbsp;uz Eiropu un citviet Pasaul\u0113. S\u016bt\u012bjumu pieg\u0101de &nbsp;Latvij\u0101 [&hellip;]<\/p>\n","protected":false},"author":1,"featured_media":0,"parent":0,"menu_order":0,"comment_status":"closed","ping_status":"closed","template":"elementor_header_footer","meta":{"_acf_changed":false,"site-sidebar-layout":"default","site-content-layout":"","ast-site-content-layout":"normal-width-container","site-content-style":"default","site-sidebar-style":"default","ast-global-header-display":"","ast-banner-title-visibility":"","ast-main-header-display":"","ast-hfb-above-header-display":"","ast-hfb-below-header-display":"","ast-hfb-mobile-header-display":"","site-post-title":"","ast-breadcrumbs-content":"","ast-featured-img":"","footer-sml-layout":"","ast-disable-related-posts":"","theme-transparent-header-meta":"","adv-header-id-meta":"","stick-header-meta":"","header-above-stick-meta":"","header-main-stick-meta":"","header-below-stick-meta":"","astra-migrate-meta-layouts":"default","ast-page-background-enabled":"default","ast-page-background-meta":{"desktop":{"background-color":"var(--ast-global-color-4)","background-image":"","background-repeat":"repeat","background-position":"center center","background-size":"auto","background-attachment":"scroll","background-type":"","background-media":"","overlay-type":"","overlay-color":"","overlay-opacity":"","overlay-gradient":""},"tablet":{"background-color":"","background-image":"","background-repeat":"repeat","background-position":"center center","background-size":"auto","background-attachment":"scroll","background-type":"","background-media":"","overlay-type":"","overlay-color":"","overlay-opacity":"","overlay-gradient":""},"mobile":{"background-color":"","background-image":"","background-repeat":"repeat","background-position":"center center","background-size":"auto","background-attachment":"scroll","background-type":"","background-media":"","overlay-type":"","overlay-color":"","overlay-opacity":"","overlay-gradient":""}},"ast-content-background-meta":{"desktop":{"background-color":"var(--ast-global-color-5)","background-image":"","background-repeat":"repeat","background-position":"center center","background-size":"auto","background-attachment":"scroll","background-type":"","background-media":"","overlay-type":"","overlay-color":"","overlay-opacity":"","overlay-gradient":""},"tablet":{"background-color":"var(--ast-global-color-5)","background-image":"","background-repeat":"repeat","background-position":"center center","background-size":"auto","background-attachment":"scroll","background-type":"","background-media":"","overlay-type":"","overlay-color":"","overlay-opacity":"","overlay-gradient":""},"mobile":{"background-color":"var(--ast-global-color-5)","background-image":"","background-repeat":"repeat","background-position":"center center","background-size":"auto","background-attachment":"scroll","background-type":"","background-media":"","overlay-type":"","overlay-color":"","overlay-opacity":"","overlay-gradient":""}},"footnotes":""},"class_list":["post-14500","page","type-page","status-publish","hentry"],"acf":[],"_links":{"self":[{"href":"https:\/\/lv.cargobus.ee\/lv\/wp-json\/wp\/v2\/pages\/14500","targetHints":{"allow":["GET"]}}],"collection":[{"href":"https:\/\/lv.cargobus.ee\/lv\/wp-json\/wp\/v2\/pages"}],"about":[{"href":"https:\/\/lv.cargobus.ee\/lv\/wp-json\/wp\/v2\/types\/page"}],"author":[{"embeddable":true,"href":"https:\/\/lv.cargobus.ee\/lv\/wp-json\/wp\/v2\/users\/1"}],"replies":[{"embeddable":true,"href":"https:\/\/lv.cargobus.ee\/lv\/wp-json\/wp\/v2\/comments?post=14500"}],"version-history":[{"count":0,"href":"https:\/\/lv.cargobus.ee\/lv\/wp-json\/wp\/v2\/pages\/14500\/revisions"}],"wp:attachment":[{"href":"https:\/\/lv.cargobus.ee\/lv\/wp-json\/wp\/v2\/media?parent=14500"}],"curies":[{"name":"wp","href":"https:\/\/api.w.org\/{rel}","templated":true}]}}