{"id":14507,"date":"2024-05-29T17:54:16","date_gmt":"2024-05-29T14:54:16","guid":{"rendered":"https:\/\/lv.cargobus.ee\/order-tracking\/"},"modified":"2026-02-09T15:02:28","modified_gmt":"2026-02-09T12:02:28","slug":"order-tracking","status":"publish","type":"page","link":"https:\/\/lv.cargobus.ee\/lv\/order-tracking\/","title":{"rendered":"S\u016aT\u012aJUMU IZSEKO\u0160ANA"},"content":{"rendered":"\t\t<div data-elementor-type=\"wp-page\" data-elementor-id=\"14507\" class=\"elementor elementor-14507 elementor-2177\" data-elementor-settings=\"{&quot;element_pack_global_tooltip_width&quot;:{&quot;unit&quot;:&quot;px&quot;,&quot;size&quot;:&quot;&quot;,&quot;sizes&quot;:[]},&quot;element_pack_global_tooltip_width_laptop&quot;:{&quot;unit&quot;:&quot;px&quot;,&quot;size&quot;:&quot;&quot;,&quot;sizes&quot;:[]},&quot;element_pack_global_tooltip_width_tablet&quot;:{&quot;unit&quot;:&quot;px&quot;,&quot;size&quot;:&quot;&quot;,&quot;sizes&quot;:[]},&quot;element_pack_global_tooltip_width_mobile&quot;:{&quot;unit&quot;:&quot;px&quot;,&quot;size&quot;:&quot;&quot;,&quot;sizes&quot;:[]},&quot;element_pack_global_tooltip_padding&quot;:{&quot;unit&quot;:&quot;px&quot;,&quot;top&quot;:&quot;&quot;,&quot;right&quot;:&quot;&quot;,&quot;bottom&quot;:&quot;&quot;,&quot;left&quot;:&quot;&quot;,&quot;isLinked&quot;:true},&quot;element_pack_global_tooltip_padding_laptop&quot;:{&quot;unit&quot;:&quot;px&quot;,&quot;top&quot;:&quot;&quot;,&quot;right&quot;:&quot;&quot;,&quot;bottom&quot;:&quot;&quot;,&quot;left&quot;:&quot;&quot;,&quot;isLinked&quot;:true},&quot;element_pack_global_tooltip_padding_tablet&quot;:{&quot;unit&quot;:&quot;px&quot;,&quot;top&quot;:&quot;&quot;,&quot;right&quot;:&quot;&quot;,&quot;bottom&quot;:&quot;&quot;,&quot;left&quot;:&quot;&quot;,&quot;isLinked&quot;:true},&quot;element_pack_global_tooltip_padding_mobile&quot;:{&quot;unit&quot;:&quot;px&quot;,&quot;top&quot;:&quot;&quot;,&quot;right&quot;:&quot;&quot;,&quot;bottom&quot;:&quot;&quot;,&quot;left&quot;:&quot;&quot;,&quot;isLinked&quot;:true},&quot;element_pack_global_tooltip_border_radius&quot;:{&quot;unit&quot;:&quot;px&quot;,&quot;top&quot;:&quot;&quot;,&quot;right&quot;:&quot;&quot;,&quot;bottom&quot;:&quot;&quot;,&quot;left&quot;:&quot;&quot;,&quot;isLinked&quot;:true},&quot;element_pack_global_tooltip_border_radius_laptop&quot;:{&quot;unit&quot;:&quot;px&quot;,&quot;top&quot;:&quot;&quot;,&quot;right&quot;:&quot;&quot;,&quot;bottom&quot;:&quot;&quot;,&quot;left&quot;:&quot;&quot;,&quot;isLinked&quot;:true},&quot;element_pack_global_tooltip_border_radius_tablet&quot;:{&quot;unit&quot;:&quot;px&quot;,&quot;top&quot;:&quot;&quot;,&quot;right&quot;:&quot;&quot;,&quot;bottom&quot;:&quot;&quot;,&quot;left&quot;:&quot;&quot;,&quot;isLinked&quot;:true},&quot;element_pack_global_tooltip_border_radius_mobile&quot;:{&quot;unit&quot;:&quot;px&quot;,&quot;top&quot;:&quot;&quot;,&quot;right&quot;:&quot;&quot;,&quot;bottom&quot;:&quot;&quot;,&quot;left&quot;:&quot;&quot;,&quot;isLinked&quot;:true}}\" data-elementor-post-type=\"page\">\n\t\t\t\t<div class=\"elementor-element elementor-element-72223a0 e-flex e-con-boxed e-con e-parent\" data-id=\"72223a0\" data-element_type=\"container\" data-e-type=\"container\">\n\t\t\t\t\t<div class=\"e-con-inner\">\n\t\t\t\t<div class=\"elementor-element elementor-element-2201221 elementor-widget elementor-widget-shortcode\" data-id=\"2201221\" data-element_type=\"widget\" data-e-type=\"widget\" data-widget_type=\"shortcode.default\">\n\t\t\t\t\t\t\t<div class=\"elementor-shortcode\"><div class=\"citycarrier-tracking-container\">\r\n    <div class=\"tracking-header\">\r\n        <div class=\"tracking-title\">\r\n            <h2>Izsekojiet savus s\u016bt\u012bjumus<\/h2>\r\n        <\/div>\r\n\r\n        <div class=\"mobile-tracking\">\r\n            <div class=\"mobile-order-box\">\r\n                <span id=\"mobile-order-label\" class=\"mobile-order-label\">Pas\u016bt\u012bjums #123456<\/span>\r\n                <span class=\"mobile-dropdown-icon\">\r\n                    <svg width=\"24\" height=\"24\" viewBox=\"0 0 24 24\" fill=\"none\"\r\n                         xmlns=\"http:\/\/www.w3.org\/2000\/svg\">\r\n                        <path d=\"M6 9L11.2929 14.2929C11.6262 14.6262 11.7929 14.7929 12 14.7929C12.2071 14.7929 12.3738 14.6262 12.7071 14.2929L18 9\"\r\n                              stroke=\"#111111\" stroke-width=\"1.5\" stroke-linecap=\"round\" stroke-linejoin=\"round\"\/>\r\n                    <\/svg>\r\n                <\/span>\r\n\r\n                <div id=\"mobile-tracking-modal\" class=\"mobile-tracking-modal\">\r\n                    <div class=\"mobile-tracking-modal-content\">\r\n                        <div id=\"mobile-tracking-left\"><\/div>\r\n                    <\/div>\r\n                <\/div>\r\n            <\/div>\r\n            <a href=\"#\" class=\"tracking-home-link\">Kur es to varu atrast?<\/a>\r\n        <\/div>\r\n\r\n        <div class=\"tracking-form-wrap\">\r\n            <a href=\"#\" class=\"tracking-home-link-desk\">Kur es to varu atrast?<\/a>\r\n            <form id=\"citycarrier-tracking-form\">\r\n                <div class=\"cc-tracking-form-group\">\r\n                    <input type=\"text\" name=\"cc_input\" placeholder=\"Pakas vai Pas\u016bt\u012bjuma numurs\" required \/>\r\n                    <button type=\"submit\">Mekl\u0113t<\/button>\r\n                <\/div>\r\n            <\/form>\r\n        <\/div>\r\n    <\/div>\r\n\r\n    <div class=\"tracking-body\">\r\n        <div class=\"tracking-left\" id=\"tracking-left\"><\/div>\r\n        <div class=\"tracking-right\" id=\"tracking-right\" style=\"display: none;\">\r\n            <div class=\"tracking-tabs\">\r\n                <div class=\"tabs-bnt\">\r\n                    <button class=\"tab-btn active\" data-tab=\"in-process\">Proces\u0101<\/button>\r\n                    <button class=\"tab-btn\" data-tab=\"delivered\">Pieg\u0101d\u0101ts<\/button>\r\n                <\/div>\r\n            <\/div>\r\n            <div class=\"tab-content\" id=\"in-process\"><\/div>\r\n            <div class=\"tab-content\" id=\"delivered\" style=\"display:none;\"><\/div>\r\n        <\/div>\r\n\r\n        <div class=\"tracking-error\" id=\"tracking-error\" style=\"display: none;\">\r\n            <h2 class=\"tracking-error-title\">Izseko\u0161anas statuss<\/h2>\r\n            <div class=\"tracking-error-message\">\r\n                <p><strong>Atvainojiet<\/strong><\/p>\r\n                <p>Diem\u017e\u0113l m\u0113s neatrad\u0101m nek\u0101du inform\u0101ciju, kas saist\u012bta ar j\u016bsu piepras\u012bjumu.<\/p>\r\n                <ul>\r\n                    <li>Ievad\u012bt\u0101 inform\u0101cija nav pareiza. L\u016bdzu, p\u0101rbaudiet ievadi un m\u0113\u0123iniet v\u0113lreiz.<\/li>\r\n                    <li>Piepras\u012btie dati p\u0113c noteikta laika vairs nav pieejami arhiv\u0113\u0161anas d\u0113\u013c.<\/li>\r\n                    <li>J\u016bsu mekl\u0113tais s\u016bt\u012bjums v\u0113l nav apstr\u0101d\u0101ts. L\u016bdzu, m\u0113\u0123iniet v\u0113lreiz v\u0113l\u0101k. <\/li>\r\n                <\/ul>\r\n\r\n                <form id=\"cc-error-tracking-form\">\r\n                    <div class=\"cc-tracking-form-group\">\r\n                        <input type=\"text\" name=\"cc_input_error\" placeholder=\"Pakas vai Pas\u016bt\u012bjuma numurs\" required \/>\r\n                        <button type=\"submit\">Mekl\u0113t<\/button>\r\n                    <\/div>\r\n                <\/form>\r\n\r\n                <form>\r\n                    <button type=\"button\" id=\"cc-error-back-btn\">Iet atpaka\u013c<\/button>\r\n                <\/form>\r\n            <\/div>\r\n        <\/div>\r\n    <\/div>\r\n\r\n    <!-- Modal -->\r\n    <div id=\"ccModal\" class=\"modal\">\r\n        <div class=\"modal-content\">\r\n            <span class=\"modal-close\">&times;<\/span>\r\n            <img decoding=\"async\" src=\"https:\/\/lv.cargobus.ee\/wp-content\/plugins\/citycarrier-parcel-tracking\/assets\/img\/Modal of label code.png\" alt=\"Uzl\u012bmes koda pal\u012bdz\u012bba\" \/>\r\n        <\/div>\r\n    <\/div>\r\n\r\n    <div id=\"ccShareModal\" class=\"modal share-modal\">\r\n        <div class=\"modal-content\">\r\n            <div class=\"modal-header\">\r\n                <h3 class=\"modal-title\">Dal\u012bties<\/h3>\r\n                <span class=\"modal-close share-close\">&times;<\/span>\r\n            <\/div>\r\n\r\n            <div class=\"share-icons\">\r\n                <a class=\"share-icon\" href=\"#\" id=\"share-facebook\" target=\"_blank\">\r\n                    <img decoding=\"async\" src=\"\/wp-content\/plugins\/citycarrier-parcel-tracking\/assets\/img\/icons\/Facebook.png\" alt=\"Facebook\">\r\n                    <span>Facebook<\/span>\r\n                <\/a>\r\n                <a class=\"share-icon\" href=\"#\" id=\"share-whatsapp\" target=\"_blank\">\r\n                    <img decoding=\"async\" src=\"\/wp-content\/plugins\/citycarrier-parcel-tracking\/assets\/img\/icons\/Whatsapp.png\" alt=\"WhatsApp\">\r\n                    <span>WhatsApp<\/span>\r\n                <\/a>\r\n                <a class=\"share-icon\" href=\"#\" id=\"share-viber\" target=\"_blank\">\r\n                    <img decoding=\"async\" src=\"\/wp-content\/plugins\/citycarrier-parcel-tracking\/assets\/img\/icons\/Viber.png\" alt=\"Viber\">\r\n                    <span>Viber<\/span>\r\n                <\/a>\r\n            <\/div>\r\n\r\n            <button id=\"native-share-btn\" class=\"native-share-btn\" style=\"display: none;\">Kop\u012bgot, izmantojot sist\u0113mu<\/button>\r\n\r\n            <div class=\"share-link-box\">\r\n                <input type=\"text\" id=\"share-link-field\" readonly>\r\n                <button id=\"copy-link-btn\">Kop\u0113t<\/button>\r\n            <\/div>\r\n        <\/div>\r\n    <\/div>\r\n\r\n    <div id=\"preloader\">\r\n        <div class=\"loader\"><\/div>\r\n    <\/div>\r\n<\/div>\r\n\r\n<\/div>\n\t\t\t\t\t\t<\/div>\n\t\t\t\t\t<\/div>\n\t\t\t\t<\/div>\n\t\t\t\t<\/div>\n\t\t","protected":false},"excerpt":{"rendered":"","protected":false},"author":1,"featured_media":0,"parent":0,"menu_order":0,"comment_status":"closed","ping_status":"closed","template":"elementor_header_footer","meta":{"_acf_changed":false,"site-sidebar-layout":"default","site-content-layout":"","ast-site-content-layout":"default","site-content-style":"default","site-sidebar-style":"default","ast-global-header-display":"","ast-banner-title-visibility":"","ast-main-header-display":"","ast-hfb-above-header-display":"","ast-hfb-below-header-display":"","ast-hfb-mobile-header-display":"","site-post-title":"","ast-breadcrumbs-content":"","ast-featured-img":"","footer-sml-layout":"","ast-disable-related-posts":"","theme-transparent-header-meta":"","adv-header-id-meta":"","stick-header-meta":"","header-above-stick-meta":"","header-main-stick-meta":"","header-below-stick-meta":"","astra-migrate-meta-layouts":"default","ast-page-background-enabled":"default","ast-page-background-meta":{"desktop":{"background-color":"var(--ast-global-color-4)","background-image":"","background-repeat":"repeat","background-position":"center center","background-size":"auto","background-attachment":"scroll","background-type":"","background-media":"","overlay-type":"","overlay-color":"","overlay-opacity":"","overlay-gradient":""},"tablet":{"background-color":"","background-image":"","background-repeat":"repeat","background-position":"center center","background-size":"auto","background-attachment":"scroll","background-type":"","background-media":"","overlay-type":"","overlay-color":"","overlay-opacity":"","overlay-gradient":""},"mobile":{"background-color":"","background-image":"","background-repeat":"repeat","background-position":"center center","background-size":"auto","background-attachment":"scroll","background-type":"","background-media":"","overlay-type":"","overlay-color":"","overlay-opacity":"","overlay-gradient":""}},"ast-content-background-meta":{"desktop":{"background-color":"var(--ast-global-color-5)","background-image":"","background-repeat":"repeat","background-position":"center center","background-size":"auto","background-attachment":"scroll","background-type":"","background-media":"","overlay-type":"","overlay-color":"","overlay-opacity":"","overlay-gradient":""},"tablet":{"background-color":"var(--ast-global-color-5)","background-image":"","background-repeat":"repeat","background-position":"center center","background-size":"auto","background-attachment":"scroll","background-type":"","background-media":"","overlay-type":"","overlay-color":"","overlay-opacity":"","overlay-gradient":""},"mobile":{"background-color":"var(--ast-global-color-5)","background-image":"","background-repeat":"repeat","background-position":"center center","background-size":"auto","background-attachment":"scroll","background-type":"","background-media":"","overlay-type":"","overlay-color":"","overlay-opacity":"","overlay-gradient":""}},"footnotes":""},"class_list":["post-14507","page","type-page","status-publish","hentry"],"acf":[],"_links":{"self":[{"href":"https:\/\/lv.cargobus.ee"}],"collection":[{"href":"https:\/\/lv.cargobus.ee"}],"about":[{"href":"https:\/\/lv.cargobus.ee"}],"author":[{"embeddable":true,"href":"https:\/\/lv.cargobus.ee"}],"replies":[{"embeddable":true,"href":"https:\/\/lv.cargobus.ee?post=14507"}],"version-history":[{"count":0,"href":"https:\/\/lv.cargobus.ee"}],"wp:attachment":[{"href":"https:\/\/lv.cargobus.ee?parent=14507"}],"curies":[{"name":"wp","href":"https:\/\/api.w.org\/{rel}","templated":true}]}}