{"id":14509,"date":"2024-05-26T15:24:27","date_gmt":"2024-05-26T12:24:27","guid":{"rendered":"https:\/\/lv.cargobus.ee\/parcel-delivery\/"},"modified":"2026-02-09T17:47:23","modified_gmt":"2026-02-09T14:47:23","slug":"parcel-delivery","status":"publish","type":"page","link":"https:\/\/lv.cargobus.ee\/lv\/parcel-delivery\/","title":{"rendered":"PIEG\u0100DE"},"content":{"rendered":"\t\t<div data-elementor-type=\"wp-page\" data-elementor-id=\"14509\" class=\"elementor elementor-14509 elementor-1223\" data-elementor-settings=\"{&quot;element_pack_global_tooltip_width&quot;:{&quot;unit&quot;:&quot;px&quot;,&quot;size&quot;:&quot;&quot;,&quot;sizes&quot;:[]},&quot;element_pack_global_tooltip_width_laptop&quot;:{&quot;unit&quot;:&quot;px&quot;,&quot;size&quot;:&quot;&quot;,&quot;sizes&quot;:[]},&quot;element_pack_global_tooltip_width_tablet&quot;:{&quot;unit&quot;:&quot;px&quot;,&quot;size&quot;:&quot;&quot;,&quot;sizes&quot;:[]},&quot;element_pack_global_tooltip_width_mobile&quot;:{&quot;unit&quot;:&quot;px&quot;,&quot;size&quot;:&quot;&quot;,&quot;sizes&quot;:[]},&quot;element_pack_global_tooltip_padding&quot;:{&quot;unit&quot;:&quot;px&quot;,&quot;top&quot;:&quot;&quot;,&quot;right&quot;:&quot;&quot;,&quot;bottom&quot;:&quot;&quot;,&quot;left&quot;:&quot;&quot;,&quot;isLinked&quot;:true},&quot;element_pack_global_tooltip_padding_laptop&quot;:{&quot;unit&quot;:&quot;px&quot;,&quot;top&quot;:&quot;&quot;,&quot;right&quot;:&quot;&quot;,&quot;bottom&quot;:&quot;&quot;,&quot;left&quot;:&quot;&quot;,&quot;isLinked&quot;:true},&quot;element_pack_global_tooltip_padding_tablet&quot;:{&quot;unit&quot;:&quot;px&quot;,&quot;top&quot;:&quot;&quot;,&quot;right&quot;:&quot;&quot;,&quot;bottom&quot;:&quot;&quot;,&quot;left&quot;:&quot;&quot;,&quot;isLinked&quot;:true},&quot;element_pack_global_tooltip_padding_mobile&quot;:{&quot;unit&quot;:&quot;px&quot;,&quot;top&quot;:&quot;&quot;,&quot;right&quot;:&quot;&quot;,&quot;bottom&quot;:&quot;&quot;,&quot;left&quot;:&quot;&quot;,&quot;isLinked&quot;:true},&quot;element_pack_global_tooltip_border_radius&quot;:{&quot;unit&quot;:&quot;px&quot;,&quot;top&quot;:&quot;&quot;,&quot;right&quot;:&quot;&quot;,&quot;bottom&quot;:&quot;&quot;,&quot;left&quot;:&quot;&quot;,&quot;isLinked&quot;:true},&quot;element_pack_global_tooltip_border_radius_laptop&quot;:{&quot;unit&quot;:&quot;px&quot;,&quot;top&quot;:&quot;&quot;,&quot;right&quot;:&quot;&quot;,&quot;bottom&quot;:&quot;&quot;,&quot;left&quot;:&quot;&quot;,&quot;isLinked&quot;:true},&quot;element_pack_global_tooltip_border_radius_tablet&quot;:{&quot;unit&quot;:&quot;px&quot;,&quot;top&quot;:&quot;&quot;,&quot;right&quot;:&quot;&quot;,&quot;bottom&quot;:&quot;&quot;,&quot;left&quot;:&quot;&quot;,&quot;isLinked&quot;:true},&quot;element_pack_global_tooltip_border_radius_mobile&quot;:{&quot;unit&quot;:&quot;px&quot;,&quot;top&quot;:&quot;&quot;,&quot;right&quot;:&quot;&quot;,&quot;bottom&quot;:&quot;&quot;,&quot;left&quot;:&quot;&quot;,&quot;isLinked&quot;:true}}\" data-elementor-post-type=\"page\">\n\t\t\t\t<div class=\"elementor-element elementor-element-356d592 e-flex e-con-boxed e-con e-parent\" data-id=\"356d592\" data-element_type=\"container\" data-e-type=\"container\" data-settings=\"{&quot;background_background&quot;:&quot;classic&quot;}\">\n\t\t\t\t\t<div class=\"e-con-inner\">\n\t\t<div class=\"elementor-element elementor-element-a711251 e-con-full elementor-hidden-mobile e-flex e-con e-child\" data-id=\"a711251\" data-element_type=\"container\" data-e-type=\"container\">\n\t\t\t\t<div class=\"elementor-element elementor-element-f1f499c elementor-widget elementor-widget-image\" data-id=\"f1f499c\" data-element_type=\"widget\" data-e-type=\"widget\" data-widget_type=\"image.default\">\n\t\t\t\t\t\t\t\t\t\t\t\t\t\t\t<img fetchpriority=\"high\" decoding=\"async\" width=\"486\" height=\"568\" src=\"https:\/\/lv.cargobus.ee\/wp-content\/uploads\/2024\/05\/Cargobus-parcel-delivery.webp\" class=\"attachment-full size-full wp-image-14511\" alt=\"\" srcset=\"https:\/\/lv.cargobus.ee\/wp-content\/uploads\/2024\/05\/Cargobus-parcel-delivery.webp 486w, https:\/\/lv.cargobus.ee\/wp-content\/uploads\/2024\/05\/Cargobus-parcel-delivery-257x300.webp 257w\" sizes=\"(max-width: 486px) 100vw, 486px\" \/>\t\t\t\t\t\t\t\t\t\t\t\t\t\t\t<\/div>\n\t\t\t\t<\/div>\n\t\t<div class=\"elementor-element elementor-element-63fdeb9 e-con-full e-flex e-con e-child\" data-id=\"63fdeb9\" data-element_type=\"container\" data-e-type=\"container\">\n\t\t\t\t<div class=\"elementor-element elementor-element-77409f0 elementor-widget elementor-widget-heading\" data-id=\"77409f0\" data-element_type=\"widget\" data-e-type=\"widget\" data-widget_type=\"heading.default\">\n\t\t\t\t\t<h2 class=\"elementor-heading-title elementor-size-default\">PAKU PIEG\u0100DE<\/h2>\t\t\t\t<\/div>\n\t\t\t\t<div class=\"elementor-element elementor-element-623a5ab elementor-widget elementor-widget-heading\" data-id=\"623a5ab\" data-element_type=\"widget\" data-e-type=\"widget\" data-widget_type=\"heading.default\">\n\t\t\t\t\t<h2 class=\"elementor-heading-title elementor-size-default\">Nos\u016bt\u012bt s\u016bt\u012bjumu<\/h2>\t\t\t\t<\/div>\n\t\t\t\t<div class=\"elementor-element elementor-element-48cdb4c elementor-widget-tablet__width-inherit elementor-widget elementor-widget-text-editor\" data-id=\"48cdb4c\" data-element_type=\"widget\" data-e-type=\"widget\" data-widget_type=\"text-editor.default\">\n\t\t\t\t\t\t\t\t\t<p>M\u016bsu paku pieg\u0101de ir unik\u0101la, jo s\u016bt\u012bjumu pieg\u0101dei izmantojam autobusu, termin\u0101\u013cu, paku punktu un, ja nepiecie\u0161ams, kurjeru un mikroautobusu t\u012bklu.<\/p><p>Kravu p\u0101rvad\u0101jumi regul\u0101rajos autobusos, t. i., s\u016btot s\u016bt\u012bjumu kop\u0101 ar autobusa vad\u012bt\u0101ju, darbojas p\u0113c transporta koplieto\u0161anas principa. Tas \u013cauj nog\u0101d\u0101t s\u016bt\u012bjumus da\u017eu stundu laik\u0101, pied\u0101v\u0101jot lab\u0101ko iesp\u0113jamo p\u0101rvad\u0101jumu bie\u017eumu un cenu. Regul\u0101r\u0101s satiksmes autobusu izmanto\u0161ana ar\u012b pal\u012bdz mums atst\u0101t maz\u0101ku ekolo\u0123isko nospiedumu.<\/p><p>No R\u012bgas uz Tallinu tiek s\u016bt\u012bts 4 reizes dien\u0101, uz Vi\u013c\u0146u 3 reizes dien\u0101. No Tallinas uz Tartu s\u016bt\u012bjums tiek s\u016bt\u012bts vismaz 12 reizes dien\u0101, no Tallinas uz P\u0113rnavu &#8211; vismaz 9 reizes dien\u0101 un no Tallinas uz Narvu &#8211; vismaz 6 reizes dien\u0101. M\u0113s sadarbojamies ar aptuveni 10 autobusu p\u0101rvad\u0101jumu uz\u0146\u0113mumiem un katru dienu kravu p\u0101rvad\u0101jumiem izmantojam l\u012bdz pat 600 autobusu l\u012bniju. Mums ir 13 termin\u0101\u013ci vis\u0101 Igaunij\u0101, k\u0101 ar\u012b termin\u0101\u013ci Latvij\u0101 un Lietuv\u0101.<\/p><p>Lai paku nos\u016bt\u012b\u0161anu un s\u016bt\u012bjuma izseko\u0161anu padar\u012btu v\u0113l vienk\u0101r\u0161\u0101ku, m\u0113s pied\u0101v\u0101jam t\u012bmekl\u012b b\u0101z\u0113tu s\u016bt\u012bjumu nos\u016bt\u012b\u0161anas un izseko\u0161anas sist\u0113mu &#8211;\u00a0<a href=\"\/en\/order\/\"><strong>S\u016aT\u012aT PAKU<\/strong><\/a>!<\/p><p>Iepaz\u012bstieties ar\u00a0<a title=\"VISI PAKALPOJUMI\" href=\"\/en\/services\/all-services\/\" target=\"_blank\" rel=\"noopener\"><strong>VISIEM PAKALPOJUMIEM<\/strong><br \/><\/a> un apskatiet m\u016bsu\u00a0<a title=\"CENU LAPA\" href=\"http:\/\/lv\/services\/price-list\/\" target=\"_blank\" rel=\"noopener\" data-wplink-url-error=\"true\"><strong>CENU LAPU<\/strong><\/a>!<\/p>\t\t\t\t\t\t\t\t<\/div>\n\t\t\t\t<div class=\"elementor-element elementor-element-ccfdf6d elementor-widget elementor-widget-text-editor\" data-id=\"ccfdf6d\" data-element_type=\"widget\" data-e-type=\"widget\" data-widget_type=\"text-editor.default\">\n\t\t\t\t\t\t\t\t\t<p><span style=\"color: #262626; font-family: -apple-system, system-ui, 'Segoe UI', Roboto, Helvetica, Arial, sans-serif; font-weight: bold;\">\u2192<\/span> Ekspress s\u016bt\u012bjums no termin\u0101la uz termin\u0101lu.<\/p><p><span style=\"color: #262626; font-family: -apple-system, system-ui, 'Segoe UI', Roboto, Helvetica, Arial, sans-serif; font-weight: bold;\">\u2192<\/span> Ar kurjeru no adreses l\u012bdz adresei.<\/p><p>\u2192 No nos\u016bt\u012b\u0161anas adreses l\u012bdz Cargobus termin\u0101lim.<\/p><p>\u2192 No Cargobus termin\u0101la l\u012bdz sa\u0146\u0113m\u0113ja adresei.<\/p>\t\t\t\t\t\t\t\t<\/div>\n\t\t\t\t<\/div>\n\t\t\t\t\t<\/div>\n\t\t\t\t<\/div>\n\t\t<div class=\"elementor-element elementor-element-32dbd30 e-flex e-con-boxed e-con e-parent\" data-id=\"32dbd30\" data-element_type=\"container\" data-e-type=\"container\" data-settings=\"{&quot;background_background&quot;:&quot;classic&quot;}\">\n\t\t\t\t\t<div class=\"e-con-inner\">\n\t\t<div class=\"elementor-element elementor-element-e346a5f e-con-full e-flex e-con e-child\" data-id=\"e346a5f\" data-element_type=\"container\" data-e-type=\"container\">\n\t\t\t\t<div class=\"elementor-element elementor-element-9edc3e6 elementor-widget__width-initial elementor-widget-mobile__width-inherit elementor-widget elementor-widget-heading\" data-id=\"9edc3e6\" data-element_type=\"widget\" data-e-type=\"widget\" data-widget_type=\"heading.default\">\n\t\t\t\t\t<h2 class=\"elementor-heading-title elementor-size-default\">Atnest s\u016bt\u012bjumu uz Cargobus termin\u0101lu vai izsaukt kurjeru pa\u0146em\u0161anai!<\/h2>\t\t\t\t<\/div>\n\t\t\t\t<\/div>\n\t\t<div class=\"elementor-element elementor-element-61ed849 e-con-full e-flex e-con e-child\" data-id=\"61ed849\" data-element_type=\"container\" data-e-type=\"container\">\n\t\t\t\t<div class=\"elementor-element elementor-element-42b683b elementor-widget elementor-widget-heading\" data-id=\"42b683b\" data-element_type=\"widget\" data-e-type=\"widget\" data-widget_type=\"heading.default\">\n\t\t\t\t\t<h2 class=\"elementor-heading-title elementor-size-default\">M\u016bsu s\u016bt\u012bjumu pieg\u0101des priek\u0161roc\u012bbas<\/h2>\t\t\t\t<\/div>\n\t\t\t\t<div class=\"elementor-element elementor-element-746f65c elementor-widget elementor-widget-text-editor\" data-id=\"746f65c\" data-element_type=\"widget\" data-e-type=\"widget\" data-widget_type=\"text-editor.default\">\n\t\t\t\t\t\t\t\t\t<p>\u2192 <strong>Lab\u0101kais pieg\u0101des bie\u017eums Igaunij\u0101 <\/strong>&#8211; 15 termin\u0101li Baltij\u0101, sadarb\u012bba ar aptuveni 20 p\u0101rvad\u0101t\u0101jiem, ikdienas m\u0113s izmantojam l\u012bdz pat 600 autobusu l\u012bniju, kurjerus ar mkroautobusiem.<\/p><p><strong style=\"font-family: 'Open Sans';\">\n  <span style=\"color: #262626; font-family: -apple-system, system-ui, 'Segoe UI', Roboto, Helvetica, Arial, sans-serif;\">\u2713<\/span>\n<\/strong><strong> \u0100tri<\/strong> &#8211; laic\u012bgi nos\u016bt\u012bts s\u016bt\u012bjums ierad\u012bsies valst\u012b taj\u0101 pa\u0161\u0101 dien\u0101.<\/p><p><strong style=\"font-family: 'Open Sans';\">\n  <span style=\"color: #262626; font-family: -apple-system, system-ui, 'Segoe UI', Roboto, Helvetica, Arial, sans-serif;\">\u2713<\/span>\n<\/strong><strong> Uzticam\u012bba<\/strong> &#8211; s\u016bt\u012bjumu p\u0101rvad\u0101\u0161anas pieredze kop\u0161 1992. gada.<\/p><p><strong style=\"font-family: 'Open Sans';\">\n  <span style=\"color: #262626; font-family: -apple-system, system-ui, 'Segoe UI', Roboto, Helvetica, Arial, sans-serif;\">\u2713<\/span>\n<\/strong><strong> Prec\u012bzi<\/strong> &#8211; iera\u0161an\u0101s laiku var prec\u012bzi paredz\u0113t.<\/p><p><strong style=\"font-family: 'Open Sans';\">\n  <span style=\"color: #262626; font-family: -apple-system, system-ui, 'Segoe UI', Roboto, Helvetica, Arial, sans-serif;\">\u2713<\/span>\n<\/strong><strong> \u0112rti<\/strong> &#8211; nog\u0101d\u0101jiet s\u016bt\u012bjumu termin\u0101l\u012b vai pas\u016btiet kurjeru no durv\u012bm l\u012bdz durv\u012bm.<\/p><p><strong style=\"font-family: 'Open Sans';\">\n  <span style=\"color: #262626; font-family: -apple-system, system-ui, 'Segoe UI', Roboto, Helvetica, Arial, sans-serif;\">\u2713<\/span>\n<\/strong><strong> Dro\u0161i<\/strong> &#8211; iesp\u0113ja apdro\u0161in\u0101t, sa\u0146emt naudu par pieg\u0101di un veikt \u012bpa\u0161as darb\u012bbas.<\/p><p><strong style=\"font-family: 'Open Sans';\">\n  <span style=\"color: #262626; font-family: -apple-system, system-ui, 'Segoe UI', Roboto, Helvetica, Arial, sans-serif;\">\u2713<\/span>\n<\/strong><strong> Vienk\u0101r\u0161a<\/strong> &#8211; t\u012bmekl\u012b b\u0101z\u0113ta pieg\u0101des un izseko\u0161anas sist\u0113ma.<\/p><p><strong style=\"font-family: 'Open Sans';\">\n  <span style=\"color: #262626; font-family: -apple-system, system-ui, 'Segoe UI', Roboto, Helvetica, Arial, sans-serif;\">\u2713<\/span>\n<\/strong><strong> Atsauc\u012bgs<\/strong> &#8211; risin\u0101jums ikvienam pieg\u0101des piepras\u012bjumam.<\/p><p><strong style=\"font-family: 'Open Sans';\">\n  <span style=\"color: #262626; font-family: -apple-system, system-ui, 'Segoe UI', Roboto, Helvetica, Arial, sans-serif;\">\u2713<\/span>\n<\/strong><strong> Unik\u0101li<\/strong> &#8211; m\u0113s cenas veidojam, pamatojoties uz svaru, nevis izm\u0113riem.<\/p><p><strong style=\"font-family: 'Open Sans';\">\n  <span style=\"color: #262626; font-family: -apple-system, system-ui, 'Segoe UI', Roboto, Helvetica, Arial, sans-serif;\">\u2713<\/span>\n<\/strong><strong> Caursp\u012bd\u012bgs<\/strong> &#8211; bez sl\u0113pt\u0101m papildu izmaks\u0101m.<\/p><p><strong style=\"font-family: 'Open Sans';\">\n  <span style=\"color: #262626; font-family: -apple-system, system-ui, 'Segoe UI', Roboto, Helvetica, Arial, sans-serif;\">\u2713<\/span>\n<\/strong><strong> Roku darbs<\/strong> &#8211; m\u0113s izmantojam tikai cilv\u0113ka sp\u0113ku, nevis \u0161\u0137iro\u0161anas l\u012bnijas.<\/p><p><strong style=\"font-family: 'Open Sans';\">\n  <span style=\"color: #262626; font-family: -apple-system, system-ui, 'Segoe UI', Roboto, Helvetica, Arial, sans-serif;\">\u2713<\/span>\n<\/strong><strong> Starptautiski<\/strong> &#8211; paku pieg\u0101de uz Eiropu un Krieviju 1-7 darba dienu laik\u0101.<\/p><p><strong style=\"font-family: 'Open Sans';\">\n  <span style=\"color: #262626; font-family: -apple-system, system-ui, 'Segoe UI', Roboto, Helvetica, Arial, sans-serif;\">\u2713<\/span>\n<\/strong><strong> Videi draudz\u012bgs<\/strong> &#8211; paku pieg\u0101de ar autobusiem atst\u0101j maz\u0101ku ekolo\u0123isko nospiedumu.<\/p>\t\t\t\t\t\t\t\t<\/div>\n\t\t\t\t<div class=\"elementor-element elementor-element-26b9e96 elementor-widget__width-initial elementor-widget-mobile__width-inherit elementor-widget elementor-widget-heading\" data-id=\"26b9e96\" data-element_type=\"widget\" data-e-type=\"widget\" data-widget_type=\"heading.default\">\n\t\t\t\t\t<h2 class=\"elementor-heading-title elementor-size-default\">K\u0100 NOS\u016aT\u012aT?<\/h2>\t\t\t\t<\/div>\n\t\t\t\t<\/div>\n\t\t\t\t\t<\/div>\n\t\t\t\t<\/div>\n\t\t<div class=\"elementor-element elementor-element-1baa5bf e-flex e-con-boxed e-con e-parent\" data-id=\"1baa5bf\" data-element_type=\"container\" data-e-type=\"container\" data-settings=\"{&quot;background_background&quot;:&quot;classic&quot;}\">\n\t\t\t\t\t<div class=\"e-con-inner\">\n\t\t\t\t<div class=\"elementor-element elementor-element-ef387bd bdt-navigation-type-both bdt-show-hidden-item--yes bdt-carousel-style-carousel elementor-widget elementor-widget-bdt-panel-slider\" data-id=\"ef387bd\" data-element_type=\"widget\" data-e-type=\"widget\" data-settings=\"{&quot;columns&quot;:&quot;2&quot;,&quot;columns_tablet&quot;:&quot;2&quot;,&quot;columns_mobile&quot;:&quot;1&quot;}\" data-widget_type=\"bdt-panel-slider.always-visible\">\n\t\t\t\t\t\t\t<div class=\"bdt-arrows-dots-align-top-right bdt-panel-slider bdt-text-on-always\" data-settings=\"{&quot;speed&quot;:500,&quot;slidesPerView&quot;:1,&quot;slidesPerGroup&quot;:1,&quot;spaceBetween&quot;:10,&quot;effect&quot;:&quot;carousel&quot;,&quot;observer&quot;:true,&quot;observeParents&quot;:true,&quot;breakpoints&quot;:{&quot;767&quot;:{&quot;slidesPerView&quot;:2,&quot;spaceBetween&quot;:10,&quot;slidesPerGroup&quot;:1},&quot;1023&quot;:{&quot;slidesPerView&quot;:2,&quot;spaceBetween&quot;:10,&quot;slidesPerGroup&quot;:1}},&quot;navigation&quot;:{&quot;nextEl&quot;:&quot;#bdt-panel-slider-ef387bd .bdt-navigation-next&quot;,&quot;prevEl&quot;:&quot;#bdt-panel-slider-ef387bd .bdt-navigation-prev&quot;},&quot;pagination&quot;:{&quot;el&quot;:&quot;#bdt-panel-slider-ef387bd .swiper-pagination&quot;,&quot;type&quot;:&quot;bullets&quot;,&quot;clickable&quot;:&quot;true&quot;,&quot;dynamicBullets&quot;:false},&quot;scrollbar&quot;:{&quot;el&quot;:&quot;#bdt-panel-slider-ef387bd .swiper-scrollbar&quot;,&quot;hide&quot;:&quot;true&quot;},&quot;coverflowEffect&quot;:{&quot;rotate&quot;:50,&quot;stretch&quot;:0,&quot;depth&quot;:100,&quot;modifier&quot;:1,&quot;slideShadows&quot;:true}}\" id=\"bdt-panel-slider-ef387bd\" data-widget-settings=\"{&quot;id&quot;:&quot;#bdt-panel-slider-ef387bd&quot;,&quot;mouseInteractivity&quot;:false}\">\n\t\t\t<div class=\"swiper-carousel swiper\">\n\t\t\t\t<div class=\"swiper-wrapper\">\n\t\t\t\t\t\n\t\t\t\t\t\t\t\t\t\t\t<div class=\"bdt-panel-slide-item swiper-slide bdt-transition-toggle\">\n\n\t\t\t\t\t\t\t<div class=\"bdt-panel-slide-thumb-wrapper\">\n\t\t\t\t\t\t\t\t<div class=\"bdt-panel-slide-thumb bdt-background-cover\" data-depth=\"0.2\"\n\t\t\t\t\t\t\t\t\tstyle=\"background-image: url(https:\/\/lv.cargobus.ee\/wp-content\/uploads\/2024\/05\/Slide-1.webp);\"><\/div>\n\t\t\t\t\t\t\t<\/div>\n\t\t\t\t\t\t\t<div class=\"bdt-panel-slide-desc bdt-position-bottom-left bdt-position-z-index\">\n\n\t\t\t\t\t\t\t\t\n\t\t\t\t\t\t\t\t\n\t\t\t\t\t\t\t\t\n\t\t\t\t\t\t\t<\/div>\n\n\t\t\t\t\t\t\t\t\t\t\t\t\t<\/div>\n\t\t\t\t\t\t\t\t\t\t\t\t<div class=\"bdt-panel-slide-item swiper-slide bdt-transition-toggle\">\n\n\t\t\t\t\t\t\t<div class=\"bdt-panel-slide-thumb-wrapper\">\n\t\t\t\t\t\t\t\t<div class=\"bdt-panel-slide-thumb bdt-background-cover\" data-depth=\"0.2\"\n\t\t\t\t\t\t\t\t\tstyle=\"background-image: url(https:\/\/lv.cargobus.ee\/wp-content\/uploads\/2024\/05\/slide-2.webp);\"><\/div>\n\t\t\t\t\t\t\t<\/div>\n\t\t\t\t\t\t\t<div class=\"bdt-panel-slide-desc bdt-position-bottom-left bdt-position-z-index\">\n\n\t\t\t\t\t\t\t\t\n\t\t\t\t\t\t\t\t\n\t\t\t\t\t\t\t\t\n\t\t\t\t\t\t\t<\/div>\n\n\t\t\t\t\t\t\t\t\t\t\t\t\t<\/div>\n\t\t\t\t\t\t\t\t\t\t\t\t<div class=\"bdt-panel-slide-item swiper-slide bdt-transition-toggle\">\n\n\t\t\t\t\t\t\t<div class=\"bdt-panel-slide-thumb-wrapper\">\n\t\t\t\t\t\t\t\t<div class=\"bdt-panel-slide-thumb bdt-background-cover\" data-depth=\"0.2\"\n\t\t\t\t\t\t\t\t\tstyle=\"background-image: url(https:\/\/lv.cargobus.ee\/wp-content\/uploads\/2024\/05\/slide-4.webp);\"><\/div>\n\t\t\t\t\t\t\t<\/div>\n\t\t\t\t\t\t\t<div class=\"bdt-panel-slide-desc bdt-position-bottom-left bdt-position-z-index\">\n\n\t\t\t\t\t\t\t\t\n\t\t\t\t\t\t\t\t\n\t\t\t\t\t\t\t\t\n\t\t\t\t\t\t\t<\/div>\n\n\t\t\t\t\t\t\t\t\t\t\t\t\t<\/div>\n\t\t\t\t\t\t\t\t\t\t\t\t<div class=\"bdt-panel-slide-item swiper-slide bdt-transition-toggle\">\n\n\t\t\t\t\t\t\t<div class=\"bdt-panel-slide-thumb-wrapper\">\n\t\t\t\t\t\t\t\t<div class=\"bdt-panel-slide-thumb bdt-background-cover\" data-depth=\"0.2\"\n\t\t\t\t\t\t\t\t\tstyle=\"background-image: url(https:\/\/lv.cargobus.ee\/wp-content\/uploads\/2024\/05\/slide-3.webp);\"><\/div>\n\t\t\t\t\t\t\t<\/div>\n\t\t\t\t\t\t\t<div class=\"bdt-panel-slide-desc bdt-position-bottom-left bdt-position-z-index\">\n\n\t\t\t\t\t\t\t\t\n\t\t\t\t\t\t\t\t\n\t\t\t\t\t\t\t\t\n\t\t\t\t\t\t\t<\/div>\n\n\t\t\t\t\t\t\t\t\t\t\t\t\t<\/div>\n\t\t\t\t\t\t\n\t\t\t\t\t\t\t<\/div>\n\t\t\t\t<\/div>\n\n\t\t\t\t\t\t\t<div class=\"bdt-position-z-index bdt-position-top-right\">\n\t\t\t<div class=\"bdt-arrows-dots-container bdt-slidenav-container \">\n\n\t\t\t\t<div class=\"bdt-flex bdt-flex-middle\">\n\t\t\t\t\t<div class=\"\">\n\t\t\t\t\t\t<div class=\"bdt-navigation-prev bdt-slidenav-previous bdt-icon bdt-slidenav\">\n\t\t\t\t\t\t\t<i class=\"ep-icon-arrow-left-2\" aria-hidden=\"true\"><\/i>\n\t\t\t\t\t\t<\/div>\n\t\t\t\t\t<\/div>\n\n\t\t\t\t\t\t\t\t\t\t\t<div class=\"swiper-pagination\"><\/div>\n\t\t\t\t\t\n\t\t\t\t\t<div class=\"\">\n\t\t\t\t\t\t<div class=\"bdt-navigation-next bdt-slidenav-next bdt-icon bdt-slidenav\">\n\t\t\t\t\t\t\t<i class=\"ep-icon-arrow-right-2\" aria-hidden=\"true\"><\/i>\n\t\t\t\t\t\t<\/div>\n\t\t\t\t\t<\/div>\n\n\t\t\t\t<\/div>\n\t\t\t<\/div>\n\t\t<\/div>\n\t\t\t\t\t\t\n\t\t<\/div>\n\n\t\t\t\t<\/div>\n\t\t\t\t\t<\/div>\n\t\t\t\t<\/div>\n\t\t\t\t<\/div>\n\t\t","protected":false},"excerpt":{"rendered":"<p>PAKU PIEG\u0100DE Nos\u016bt\u012bt s\u016bt\u012bjumu M\u016bsu paku pieg\u0101de ir unik\u0101la, jo s\u016bt\u012bjumu pieg\u0101dei izmantojam autobusu, termin\u0101\u013cu, paku punktu un, ja nepiecie\u0161ams, [&hellip;]<\/p>\n","protected":false},"author":1,"featured_media":0,"parent":0,"menu_order":0,"comment_status":"closed","ping_status":"closed","template":"elementor_header_footer","meta":{"_acf_changed":false,"site-sidebar-layout":"default","site-content-layout":"","ast-site-content-layout":"default","site-content-style":"default","site-sidebar-style":"default","ast-global-header-display":"","ast-banner-title-visibility":"","ast-main-header-display":"","ast-hfb-above-header-display":"","ast-hfb-below-header-display":"","ast-hfb-mobile-header-display":"","site-post-title":"","ast-breadcrumbs-content":"","ast-featured-img":"","footer-sml-layout":"","ast-disable-related-posts":"","theme-transparent-header-meta":"","adv-header-id-meta":"","stick-header-meta":"","header-above-stick-meta":"","header-main-stick-meta":"","header-below-stick-meta":"","astra-migrate-meta-layouts":"default","ast-page-background-enabled":"default","ast-page-background-meta":{"desktop":{"background-color":"var(--ast-global-color-4)","background-image":"","background-repeat":"repeat","background-position":"center center","background-size":"auto","background-attachment":"scroll","background-type":"","background-media":"","overlay-type":"","overlay-color":"","overlay-opacity":"","overlay-gradient":""},"tablet":{"background-color":"","background-image":"","background-repeat":"repeat","background-position":"center center","background-size":"auto","background-attachment":"scroll","background-type":"","background-media":"","overlay-type":"","overlay-color":"","overlay-opacity":"","overlay-gradient":""},"mobile":{"background-color":"","background-image":"","background-repeat":"repeat","background-position":"center center","background-size":"auto","background-attachment":"scroll","background-type":"","background-media":"","overlay-type":"","overlay-color":"","overlay-opacity":"","overlay-gradient":""}},"ast-content-background-meta":{"desktop":{"background-color":"var(--ast-global-color-5)","background-image":"","background-repeat":"repeat","background-position":"center center","background-size":"auto","background-attachment":"scroll","background-type":"","background-media":"","overlay-type":"","overlay-color":"","overlay-opacity":"","overlay-gradient":""},"tablet":{"background-color":"var(--ast-global-color-5)","background-image":"","background-repeat":"repeat","background-position":"center center","background-size":"auto","background-attachment":"scroll","background-type":"","background-media":"","overlay-type":"","overlay-color":"","overlay-opacity":"","overlay-gradient":""},"mobile":{"background-color":"var(--ast-global-color-5)","background-image":"","background-repeat":"repeat","background-position":"center center","background-size":"auto","background-attachment":"scroll","background-type":"","background-media":"","overlay-type":"","overlay-color":"","overlay-opacity":"","overlay-gradient":""}},"footnotes":""},"class_list":["post-14509","page","type-page","status-publish","hentry"],"acf":[],"_links":{"self":[{"href":"https:\/\/lv.cargobus.ee\/lv\/wp-json\/wp\/v2\/pages\/14509","targetHints":{"allow":["GET"]}}],"collection":[{"href":"https:\/\/lv.cargobus.ee\/lv\/wp-json\/wp\/v2\/pages"}],"about":[{"href":"https:\/\/lv.cargobus.ee\/lv\/wp-json\/wp\/v2\/types\/page"}],"author":[{"embeddable":true,"href":"https:\/\/lv.cargobus.ee\/lv\/wp-json\/wp\/v2\/users\/1"}],"replies":[{"embeddable":true,"href":"https:\/\/lv.cargobus.ee\/lv\/wp-json\/wp\/v2\/comments?post=14509"}],"version-history":[{"count":0,"href":"https:\/\/lv.cargobus.ee\/lv\/wp-json\/wp\/v2\/pages\/14509\/revisions"}],"wp:attachment":[{"href":"https:\/\/lv.cargobus.ee\/lv\/wp-json\/wp\/v2\/media?parent=14509"}],"curies":[{"name":"wp","href":"https:\/\/api.w.org\/{rel}","templated":true}]}}