{"id":14524,"date":"2024-05-22T10:58:15","date_gmt":"2024-05-22T07:58:15","guid":{"rendered":"https:\/\/lv.cargobus.ee\/terminals\/"},"modified":"2026-02-18T13:33:46","modified_gmt":"2026-02-18T10:33:46","slug":"terminals","status":"publish","type":"page","link":"https:\/\/lv.cargobus.ee\/lv\/terminals\/","title":{"rendered":"TERMIN\u0100LI"},"content":{"rendered":"\t\t<div data-elementor-type=\"wp-page\" data-elementor-id=\"14524\" class=\"elementor elementor-14524 elementor-22\" data-elementor-settings=\"{&quot;element_pack_global_tooltip_width&quot;:{&quot;unit&quot;:&quot;px&quot;,&quot;size&quot;:&quot;&quot;,&quot;sizes&quot;:[]},&quot;element_pack_global_tooltip_width_laptop&quot;:{&quot;unit&quot;:&quot;px&quot;,&quot;size&quot;:&quot;&quot;,&quot;sizes&quot;:[]},&quot;element_pack_global_tooltip_width_tablet&quot;:{&quot;unit&quot;:&quot;px&quot;,&quot;size&quot;:&quot;&quot;,&quot;sizes&quot;:[]},&quot;element_pack_global_tooltip_width_mobile&quot;:{&quot;unit&quot;:&quot;px&quot;,&quot;size&quot;:&quot;&quot;,&quot;sizes&quot;:[]},&quot;element_pack_global_tooltip_padding&quot;:{&quot;unit&quot;:&quot;px&quot;,&quot;top&quot;:&quot;&quot;,&quot;right&quot;:&quot;&quot;,&quot;bottom&quot;:&quot;&quot;,&quot;left&quot;:&quot;&quot;,&quot;isLinked&quot;:true},&quot;element_pack_global_tooltip_padding_laptop&quot;:{&quot;unit&quot;:&quot;px&quot;,&quot;top&quot;:&quot;&quot;,&quot;right&quot;:&quot;&quot;,&quot;bottom&quot;:&quot;&quot;,&quot;left&quot;:&quot;&quot;,&quot;isLinked&quot;:true},&quot;element_pack_global_tooltip_padding_tablet&quot;:{&quot;unit&quot;:&quot;px&quot;,&quot;top&quot;:&quot;&quot;,&quot;right&quot;:&quot;&quot;,&quot;bottom&quot;:&quot;&quot;,&quot;left&quot;:&quot;&quot;,&quot;isLinked&quot;:true},&quot;element_pack_global_tooltip_padding_mobile&quot;:{&quot;unit&quot;:&quot;px&quot;,&quot;top&quot;:&quot;&quot;,&quot;right&quot;:&quot;&quot;,&quot;bottom&quot;:&quot;&quot;,&quot;left&quot;:&quot;&quot;,&quot;isLinked&quot;:true},&quot;element_pack_global_tooltip_border_radius&quot;:{&quot;unit&quot;:&quot;px&quot;,&quot;top&quot;:&quot;&quot;,&quot;right&quot;:&quot;&quot;,&quot;bottom&quot;:&quot;&quot;,&quot;left&quot;:&quot;&quot;,&quot;isLinked&quot;:true},&quot;element_pack_global_tooltip_border_radius_laptop&quot;:{&quot;unit&quot;:&quot;px&quot;,&quot;top&quot;:&quot;&quot;,&quot;right&quot;:&quot;&quot;,&quot;bottom&quot;:&quot;&quot;,&quot;left&quot;:&quot;&quot;,&quot;isLinked&quot;:true},&quot;element_pack_global_tooltip_border_radius_tablet&quot;:{&quot;unit&quot;:&quot;px&quot;,&quot;top&quot;:&quot;&quot;,&quot;right&quot;:&quot;&quot;,&quot;bottom&quot;:&quot;&quot;,&quot;left&quot;:&quot;&quot;,&quot;isLinked&quot;:true},&quot;element_pack_global_tooltip_border_radius_mobile&quot;:{&quot;unit&quot;:&quot;px&quot;,&quot;top&quot;:&quot;&quot;,&quot;right&quot;:&quot;&quot;,&quot;bottom&quot;:&quot;&quot;,&quot;left&quot;:&quot;&quot;,&quot;isLinked&quot;:true}}\" data-elementor-post-type=\"page\">\n\t\t\t\t<div class=\"elementor-element elementor-element-1a3072a e-flex e-con-boxed e-con e-parent\" data-id=\"1a3072a\" data-element_type=\"container\" data-e-type=\"container\" data-settings=\"{&quot;background_background&quot;:&quot;classic&quot;}\">\n\t\t\t\t\t<div class=\"e-con-inner\">\n\t\t\t\t<div class=\"elementor-element elementor-element-f6da9bc elementor-widget elementor-widget-heading\" data-id=\"f6da9bc\" data-element_type=\"widget\" data-e-type=\"widget\" data-widget_type=\"heading.default\">\n\t\t\t\t\t<h2 class=\"elementor-heading-title elementor-size-default\">Termin\u0101li<\/h2>\t\t\t\t<\/div>\n\t\t\t\t<div class=\"elementor-element elementor-element-399788f elementor-widget elementor-widget-shortcode\" data-id=\"399788f\" data-element_type=\"widget\" data-e-type=\"widget\" data-widget_type=\"shortcode.default\">\n\t\t\t\t\t\t\t<div class=\"elementor-shortcode\">    <div class=\"terminal-tabs\">\n        <div class=\"tab-links\">\n            <button class=\"tab-link active\" onclick=\"openTab(event, 'city')\">City<\/button>\n            <button class=\"tab-link\" onclick=\"openTab(event, 'map')\">Map<\/button>\n        <\/div>\n        <div id=\"city\" class=\"tab-content\">\n            <div class=\"letter-filter\"><div class=\"all-filter-wrapper\"><button class=\"filter-button active\" id=\"all\" onclick=\"filterTerminals('all')\">All<\/button><\/div><button class=\"filter-button\" onclick=\"filterTerminals('J')\">J<\/button><button class=\"filter-button\" onclick=\"filterTerminals('K')\">K<\/button><button class=\"filter-button\" onclick=\"filterTerminals('P')\">P<\/button><button class=\"filter-button\" onclick=\"filterTerminals('R')\">R<\/button><button class=\"filter-button\" onclick=\"filterTerminals('T')\">T<\/button><button class=\"filter-button\" onclick=\"filterTerminals('V')\">V<\/button><\/div><div class=\"city-container\"><div class=\"letter-group\" data-letter=\"J\"><h3 class=\"letter-group-head\">J<p class=\"divader\"><\/p> <span>1<\/span><\/h3><ul><li><a href=\"https:\/\/lv.cargobus.ee\/lv\/terminals\/4\/\">J\u00f5hvi<\/a><\/li><\/ul><\/div><div class=\"letter-group\" data-letter=\"K\"><h3 class=\"letter-group-head\">K<p class=\"divader\"><\/p> <span>2<\/span><\/h3><ul><li><a href=\"https:\/\/lv.cargobus.ee\/lv\/terminals\/18\/\">K\u00e4rdla<\/a><\/li><li><a href=\"https:\/\/lv.cargobus.ee\/lv\/terminals\/5\/\">Kuressaare<\/a><\/li><\/ul><\/div><div class=\"letter-group\" data-letter=\"P\"><h3 class=\"letter-group-head\">P<p class=\"divader\"><\/p> <span>2<\/span><\/h3><ul><li><a href=\"https:\/\/lv.cargobus.ee\/lv\/terminals\/parnu-esindus\/\">P\u00e4rnu<\/a><\/li><li><a href=\"https:\/\/lv.cargobus.ee\/lv\/terminals\/polva-esindus\/\">P\u00f5lva<\/a><\/li><\/ul><\/div><div class=\"letter-group\" data-letter=\"R\"><h3 class=\"letter-group-head\">R<p class=\"divader\"><\/p> <span>1<\/span><\/h3><ul><li><a href=\"https:\/\/lv.cargobus.ee\/lv\/terminals\/175\/\">R\u012bga Autoosta<\/a><\/li><\/ul><\/div><div class=\"letter-group\" data-letter=\"T\"><h3 class=\"letter-group-head\">T<p class=\"divader\"><\/p> <span>3<\/span><\/h3><ul><li><a href=\"https:\/\/lv.cargobus.ee\/lv\/terminals\/12\/\">Tallinn<\/a><\/li><li><a href=\"https:\/\/lv.cargobus.ee\/lv\/terminals\/1\/\">Tartu autoosta<\/a><\/li><li><a href=\"https:\/\/lv.cargobus.ee\/lv\/terminals\/2\/\">Tartu T\u00e4he<\/a><\/li><\/ul><\/div><div class=\"letter-group\" data-letter=\"V\"><h3 class=\"letter-group-head\">V<p class=\"divader\"><\/p> <span>2<\/span><\/h3><ul><li><a href=\"https:\/\/lv.cargobus.ee\/lv\/terminals\/22\/\">Viljandi<\/a><\/li><li><a href=\"https:\/\/lv.cargobus.ee\/lv\/terminals\/34\/\">Vi\u013c\u0146a<\/a><\/li><\/ul><\/div><\/div>        <\/div>\n        <div id=\"map\" class=\"tab-content\" style=\"display:none;\">\n            <div id=\"map-canvas\"><\/div>\n        <\/div>\n    <\/div>\n    <\/div>\n\t\t\t\t\t\t<\/div>\n\t\t\t\t<div class=\"elementor-element elementor-element-f5134da elementor-widget elementor-widget-text-editor\" data-id=\"f5134da\" data-element_type=\"widget\" data-e-type=\"widget\" data-widget_type=\"text-editor.default\">\n\t\t\t\t\t\t\t\t\t<p>Cargobus ir 11 termin\u0101li Baltijas valst\u012bs.<\/p>\t\t\t\t\t\t\t\t<\/div>\n\t\t\t\t\t<\/div>\n\t\t\t\t<\/div>\n\t\t\t\t<\/div>\n\t\t","protected":false},"excerpt":{"rendered":"<p>Termin\u0101li Cargobus ir termin\u0101li Baltijas valst\u012bs.<\/p>\n","protected":false},"author":1,"featured_media":0,"parent":0,"menu_order":0,"comment_status":"closed","ping_status":"closed","template":"elementor_header_footer","meta":{"_acf_changed":false,"site-sidebar-layout":"default","site-content-layout":"","ast-site-content-layout":"default","site-content-style":"default","site-sidebar-style":"default","ast-global-header-display":"","ast-banner-title-visibility":"","ast-main-header-display":"","ast-hfb-above-header-display":"","ast-hfb-below-header-display":"","ast-hfb-mobile-header-display":"","site-post-title":"","ast-breadcrumbs-content":"","ast-featured-img":"","footer-sml-layout":"","ast-disable-related-posts":"","theme-transparent-header-meta":"","adv-header-id-meta":"","stick-header-meta":"","header-above-stick-meta":"","header-main-stick-meta":"","header-below-stick-meta":"","astra-migrate-meta-layouts":"default","ast-page-background-enabled":"default","ast-page-background-meta":{"desktop":{"background-color":"var(--ast-global-color-4)","background-image":"","background-repeat":"repeat","background-position":"center center","background-size":"auto","background-attachment":"scroll","background-type":"","background-media":"","overlay-type":"","overlay-color":"","overlay-opacity":"","overlay-gradient":""},"tablet":{"background-color":"","background-image":"","background-repeat":"repeat","background-position":"center center","background-size":"auto","background-attachment":"scroll","background-type":"","background-media":"","overlay-type":"","overlay-color":"","overlay-opacity":"","overlay-gradient":""},"mobile":{"background-color":"","background-image":"","background-repeat":"repeat","background-position":"center center","background-size":"auto","background-attachment":"scroll","background-type":"","background-media":"","overlay-type":"","overlay-color":"","overlay-opacity":"","overlay-gradient":""}},"ast-content-background-meta":{"desktop":{"background-color":"var(--ast-global-color-5)","background-image":"","background-repeat":"repeat","background-position":"center center","background-size":"auto","background-attachment":"scroll","background-type":"","background-media":"","overlay-type":"","overlay-color":"","overlay-opacity":"","overlay-gradient":""},"tablet":{"background-color":"var(--ast-global-color-5)","background-image":"","background-repeat":"repeat","background-position":"center center","background-size":"auto","background-attachment":"scroll","background-type":"","background-media":"","overlay-type":"","overlay-color":"","overlay-opacity":"","overlay-gradient":""},"mobile":{"background-color":"var(--ast-global-color-5)","background-image":"","background-repeat":"repeat","background-position":"center center","background-size":"auto","background-attachment":"scroll","background-type":"","background-media":"","overlay-type":"","overlay-color":"","overlay-opacity":"","overlay-gradient":""}},"footnotes":""},"class_list":["post-14524","page","type-page","status-publish","hentry"],"acf":[],"_links":{"self":[{"href":"https:\/\/lv.cargobus.ee\/lv\/wp-json\/wp\/v2\/pages\/14524","targetHints":{"allow":["GET"]}}],"collection":[{"href":"https:\/\/lv.cargobus.ee\/lv\/wp-json\/wp\/v2\/pages"}],"about":[{"href":"https:\/\/lv.cargobus.ee\/lv\/wp-json\/wp\/v2\/types\/page"}],"author":[{"embeddable":true,"href":"https:\/\/lv.cargobus.ee\/lv\/wp-json\/wp\/v2\/users\/1"}],"replies":[{"embeddable":true,"href":"https:\/\/lv.cargobus.ee\/lv\/wp-json\/wp\/v2\/comments?post=14524"}],"version-history":[{"count":0,"href":"https:\/\/lv.cargobus.ee\/lv\/wp-json\/wp\/v2\/pages\/14524\/revisions"}],"wp:attachment":[{"href":"https:\/\/lv.cargobus.ee\/lv\/wp-json\/wp\/v2\/media?parent=14524"}],"curies":[{"name":"wp","href":"https:\/\/api.w.org\/{rel}","templated":true}]}}