{"id":14621,"date":"2024-06-12T19:16:11","date_gmt":"2024-06-12T16:16:11","guid":{"rendered":"https:\/\/lv.cargobus.ee\/start-a-career\/"},"modified":"2026-03-25T17:47:06","modified_gmt":"2026-03-25T14:47:06","slug":"start-a-career","status":"publish","type":"page","link":"https:\/\/lv.cargobus.ee\/lv\/start-a-career\/","title":{"rendered":"KARJERAS IESP\u0112JAS"},"content":{"rendered":"\t\t<div data-elementor-type=\"wp-page\" data-elementor-id=\"14621\" class=\"elementor elementor-14621 elementor-4685\" data-elementor-settings=\"{&quot;element_pack_global_tooltip_width&quot;:{&quot;unit&quot;:&quot;px&quot;,&quot;size&quot;:&quot;&quot;,&quot;sizes&quot;:[]},&quot;element_pack_global_tooltip_width_laptop&quot;:{&quot;unit&quot;:&quot;px&quot;,&quot;size&quot;:&quot;&quot;,&quot;sizes&quot;:[]},&quot;element_pack_global_tooltip_width_tablet&quot;:{&quot;unit&quot;:&quot;px&quot;,&quot;size&quot;:&quot;&quot;,&quot;sizes&quot;:[]},&quot;element_pack_global_tooltip_width_mobile&quot;:{&quot;unit&quot;:&quot;px&quot;,&quot;size&quot;:&quot;&quot;,&quot;sizes&quot;:[]},&quot;element_pack_global_tooltip_padding&quot;:{&quot;unit&quot;:&quot;px&quot;,&quot;top&quot;:&quot;&quot;,&quot;right&quot;:&quot;&quot;,&quot;bottom&quot;:&quot;&quot;,&quot;left&quot;:&quot;&quot;,&quot;isLinked&quot;:true},&quot;element_pack_global_tooltip_padding_laptop&quot;:{&quot;unit&quot;:&quot;px&quot;,&quot;top&quot;:&quot;&quot;,&quot;right&quot;:&quot;&quot;,&quot;bottom&quot;:&quot;&quot;,&quot;left&quot;:&quot;&quot;,&quot;isLinked&quot;:true},&quot;element_pack_global_tooltip_padding_tablet&quot;:{&quot;unit&quot;:&quot;px&quot;,&quot;top&quot;:&quot;&quot;,&quot;right&quot;:&quot;&quot;,&quot;bottom&quot;:&quot;&quot;,&quot;left&quot;:&quot;&quot;,&quot;isLinked&quot;:true},&quot;element_pack_global_tooltip_padding_mobile&quot;:{&quot;unit&quot;:&quot;px&quot;,&quot;top&quot;:&quot;&quot;,&quot;right&quot;:&quot;&quot;,&quot;bottom&quot;:&quot;&quot;,&quot;left&quot;:&quot;&quot;,&quot;isLinked&quot;:true},&quot;element_pack_global_tooltip_border_radius&quot;:{&quot;unit&quot;:&quot;px&quot;,&quot;top&quot;:&quot;&quot;,&quot;right&quot;:&quot;&quot;,&quot;bottom&quot;:&quot;&quot;,&quot;left&quot;:&quot;&quot;,&quot;isLinked&quot;:true},&quot;element_pack_global_tooltip_border_radius_laptop&quot;:{&quot;unit&quot;:&quot;px&quot;,&quot;top&quot;:&quot;&quot;,&quot;right&quot;:&quot;&quot;,&quot;bottom&quot;:&quot;&quot;,&quot;left&quot;:&quot;&quot;,&quot;isLinked&quot;:true},&quot;element_pack_global_tooltip_border_radius_tablet&quot;:{&quot;unit&quot;:&quot;px&quot;,&quot;top&quot;:&quot;&quot;,&quot;right&quot;:&quot;&quot;,&quot;bottom&quot;:&quot;&quot;,&quot;left&quot;:&quot;&quot;,&quot;isLinked&quot;:true},&quot;element_pack_global_tooltip_border_radius_mobile&quot;:{&quot;unit&quot;:&quot;px&quot;,&quot;top&quot;:&quot;&quot;,&quot;right&quot;:&quot;&quot;,&quot;bottom&quot;:&quot;&quot;,&quot;left&quot;:&quot;&quot;,&quot;isLinked&quot;:true}}\" data-elementor-post-type=\"page\">\n\t\t\t\t<div class=\"elementor-element elementor-element-ba22cdc e-flex e-con-boxed e-con e-parent\" data-id=\"ba22cdc\" data-element_type=\"container\" data-e-type=\"container\">\n\t\t\t\t\t<div class=\"e-con-inner\">\n\t\t\t\t<div class=\"elementor-element elementor-element-3f882e4 elementor-widget elementor-widget-heading\" data-id=\"3f882e4\" data-element_type=\"widget\" data-e-type=\"widget\" data-widget_type=\"heading.default\">\n\t\t\t\t\t<h1 class=\"elementor-heading-title elementor-size-default\">KARJERAS IESP\u0112JAS\n<\/h1>\t\t\t\t<\/div>\n\t\t\t\t<div class=\"elementor-element elementor-element-14e402a elementor-widget elementor-widget-heading\" data-id=\"14e402a\" data-element_type=\"widget\" data-e-type=\"widget\" data-widget_type=\"heading.default\">\n\t\t\t\t\t<h5 class=\"elementor-heading-title elementor-size-default\">AKTU\u0100L\u0100S VAKANCES<\/h5>\t\t\t\t<\/div>\n\t\t\t\t<div class=\"elementor-element elementor-element-2789fd3 elementor-widget elementor-widget-n-accordion\" data-id=\"2789fd3\" data-element_type=\"widget\" data-e-type=\"widget\" data-settings=\"{&quot;default_state&quot;:&quot;all_collapsed&quot;,&quot;max_items_expended&quot;:&quot;multiple&quot;,&quot;n_accordion_animation_duration&quot;:{&quot;unit&quot;:&quot;ms&quot;,&quot;size&quot;:225,&quot;sizes&quot;:[]}}\" data-widget_type=\"nested-accordion.default\">\n\t\t\t\t\t\t\t<div class=\"e-n-accordion\" aria-label=\"Accordion. Open links with Enter or Space, close with Escape, and navigate with Arrow Keys\">\n\t\t\t\t\t\t<details id=\"e-n-accordion-item-4140\" class=\"e-n-accordion-item\" >\n\t\t\t\t<summary class=\"e-n-accordion-item-title\" data-accordion-index=\"1\" tabindex=\"0\" aria-expanded=\"false\" aria-controls=\"e-n-accordion-item-4140\" >\n\t\t\t\t\t<span class='e-n-accordion-item-title-header'><div class=\"e-n-accordion-item-title-text\"> TALLINN <\/div><\/span>\n\t\t\t\t\t\t\t<span class='e-n-accordion-item-title-icon'>\n\t\t\t<span class='e-opened' ><svg xmlns=\"http:\/\/www.w3.org\/2000\/svg\" width=\"20\" height=\"20\" viewBox=\"0 0 20 20\" fill=\"none\"><g clip-path=\"url(#clip0_88_23)\"><path d=\"M9.99935 0.333413C4.6606 0.333413 0.332683 4.66133 0.332683 10.0001C0.332682 15.3388 4.6606 19.6667 9.99935 19.6667C15.3381 19.6667 19.666 15.3388 19.666 10.0001C19.666 4.66133 15.3381 0.333414 9.99935 0.333413Z\" fill=\"#006ADE\"><\/path><path fill-rule=\"evenodd\" clip-rule=\"evenodd\" d=\"M6.46962 10.1966C6.20988 10.4563 6.20988 10.8774 6.46962 11.1371C6.72915 11.3966 7.14982 11.3969 7.40962 11.1376L9.99935 8.55355L12.5891 11.1376C12.8489 11.3969 13.2695 11.3966 13.5291 11.1371C13.7888 10.8774 13.7888 10.4563 13.5291 10.1966L9.99935 6.66688L6.46962 10.1966Z\" fill=\"white\"><\/path><\/g><defs><clipPath id=\"clip0_88_23\"><rect width=\"20\" height=\"20\" fill=\"white\"><\/rect><\/clipPath><\/defs><\/svg><\/span>\n\t\t\t<span class='e-closed'><svg xmlns=\"http:\/\/www.w3.org\/2000\/svg\" width=\"20\" height=\"20\" viewBox=\"0 0 20 20\" fill=\"none\"><g clip-path=\"url(#clip0_85_6)\"><path d=\"M9.99967 19.6666C15.3384 19.6666 19.6663 15.3387 19.6663 9.99992C19.6663 4.66117 15.3384 0.333252 9.99967 0.333252C4.66092 0.333252 0.333008 4.66117 0.333008 9.99992C0.333008 15.3387 4.66092 19.6666 9.99967 19.6666Z\" stroke=\"#006ADE\" stroke-width=\"0.666667\"><\/path><path fill-rule=\"evenodd\" clip-rule=\"evenodd\" d=\"M13.5297 9.8035C13.7894 9.54383 13.7894 9.1227 13.5297 8.86303C13.2701 8.6035 12.8495 8.60323 12.5897 8.8625L9.99992 11.4466L7.41019 8.8625C7.15039 8.60323 6.72972 8.6035 6.47018 8.86303C6.21046 9.1227 6.21046 9.54383 6.47018 9.8035L9.99992 13.3332L13.5297 9.8035Z\" fill=\"#006ADE\"><\/path><\/g><defs><clipPath id=\"clip0_85_6\"><rect width=\"20\" height=\"20\" fill=\"white\"><\/rect><\/clipPath><\/defs><\/svg><\/span>\n\t\t<\/span>\n\n\t\t\t\t\t\t<\/summary>\n\t\t\t\t<div role=\"region\" aria-labelledby=\"e-n-accordion-item-4140\" class=\"elementor-element elementor-element-d0ff827 e-con-full e-flex e-con e-child\" data-id=\"d0ff827\" data-element_type=\"container\" data-e-type=\"container\">\n\t\t\t\t<div class=\"elementor-element elementor-element-9417b2c elementor-widget elementor-widget-text-editor\" data-id=\"9417b2c\" data-element_type=\"widget\" data-e-type=\"widget\" data-widget_type=\"text-editor.default\">\n\t\t\t\t\t\t\t\t\t<p><span style=\"color: #262626; font-family: -apple-system, system-ui, 'Segoe UI', Roboto, Helvetica, Arial, sans-serif; font-weight: bold;\">\u2192 <\/span><strong>\n  <a title=\"KLIENTU APKALPO\u0160ANAS P\u0100RST\u0100VIS - TALLINN\" href=\"https:\/\/www.cvkeskus.ee\/klienditeenindaja-tallinnas-t-grupp-ou-958479\" target=\"_blank\" rel=\"noopener\">KLIENTU APKALPO\u0160ANAS P\u0100RST\u0100VIS<\/a>\n<\/strong><\/p>\t\t\t\t\t\t\t\t<\/div>\n\t\t\t\t<\/div>\n\t\t\t\t\t<\/details>\n\t\t\t\t\t<\/div>\n\t\t\t\t\t\t<\/div>\n\t\t\t\t<div class=\"elementor-element elementor-element-e3cd0ff elementor-widget elementor-widget-heading\" data-id=\"e3cd0ff\" data-element_type=\"widget\" data-e-type=\"widget\" data-widget_type=\"heading.default\">\n\t\t\t\t\t<h5 class=\"elementor-heading-title elementor-size-default\">NEAKT\u012aV\u0100S VAKANCES<\/h5>\t\t\t\t<\/div>\n\t\t\t\t<div class=\"elementor-element elementor-element-cb7ffc4 elementor-widget elementor-widget-n-accordion\" data-id=\"cb7ffc4\" data-element_type=\"widget\" data-e-type=\"widget\" data-settings=\"{&quot;default_state&quot;:&quot;all_collapsed&quot;,&quot;max_items_expended&quot;:&quot;multiple&quot;,&quot;n_accordion_animation_duration&quot;:{&quot;unit&quot;:&quot;ms&quot;,&quot;size&quot;:225,&quot;sizes&quot;:[]}}\" data-widget_type=\"nested-accordion.default\">\n\t\t\t\t\t\t\t<div class=\"e-n-accordion\" aria-label=\"Accordion. Open links with Enter or Space, close with Escape, and navigate with Arrow Keys\">\n\t\t\t\t\t\t<details id=\"e-n-accordion-item-2130\" class=\"e-n-accordion-item\" >\n\t\t\t\t<summary class=\"e-n-accordion-item-title\" data-accordion-index=\"1\" tabindex=\"0\" aria-expanded=\"false\" aria-controls=\"e-n-accordion-item-2130\" >\n\t\t\t\t\t<span class='e-n-accordion-item-title-header'><div class=\"e-n-accordion-item-title-text\"> TALLINN <\/div><\/span>\n\t\t\t\t\t\t\t<span class='e-n-accordion-item-title-icon'>\n\t\t\t<span class='e-opened' ><svg xmlns=\"http:\/\/www.w3.org\/2000\/svg\" width=\"20\" height=\"20\" viewBox=\"0 0 20 20\" fill=\"none\"><g clip-path=\"url(#clip0_88_23)\"><path d=\"M9.99935 0.333413C4.6606 0.333413 0.332683 4.66133 0.332683 10.0001C0.332682 15.3388 4.6606 19.6667 9.99935 19.6667C15.3381 19.6667 19.666 15.3388 19.666 10.0001C19.666 4.66133 15.3381 0.333414 9.99935 0.333413Z\" fill=\"#006ADE\"><\/path><path fill-rule=\"evenodd\" clip-rule=\"evenodd\" d=\"M6.46962 10.1966C6.20988 10.4563 6.20988 10.8774 6.46962 11.1371C6.72915 11.3966 7.14982 11.3969 7.40962 11.1376L9.99935 8.55355L12.5891 11.1376C12.8489 11.3969 13.2695 11.3966 13.5291 11.1371C13.7888 10.8774 13.7888 10.4563 13.5291 10.1966L9.99935 6.66688L6.46962 10.1966Z\" fill=\"white\"><\/path><\/g><defs><clipPath id=\"clip0_88_23\"><rect width=\"20\" height=\"20\" fill=\"white\"><\/rect><\/clipPath><\/defs><\/svg><\/span>\n\t\t\t<span class='e-closed'><svg xmlns=\"http:\/\/www.w3.org\/2000\/svg\" width=\"20\" height=\"20\" viewBox=\"0 0 20 20\" fill=\"none\"><g clip-path=\"url(#clip0_85_6)\"><path d=\"M9.99967 19.6666C15.3384 19.6666 19.6663 15.3387 19.6663 9.99992C19.6663 4.66117 15.3384 0.333252 9.99967 0.333252C4.66092 0.333252 0.333008 4.66117 0.333008 9.99992C0.333008 15.3387 4.66092 19.6666 9.99967 19.6666Z\" stroke=\"#006ADE\" stroke-width=\"0.666667\"><\/path><path fill-rule=\"evenodd\" clip-rule=\"evenodd\" d=\"M13.5297 9.8035C13.7894 9.54383 13.7894 9.1227 13.5297 8.86303C13.2701 8.6035 12.8495 8.60323 12.5897 8.8625L9.99992 11.4466L7.41019 8.8625C7.15039 8.60323 6.72972 8.6035 6.47018 8.86303C6.21046 9.1227 6.21046 9.54383 6.47018 9.8035L9.99992 13.3332L13.5297 9.8035Z\" fill=\"#006ADE\"><\/path><\/g><defs><clipPath id=\"clip0_85_6\"><rect width=\"20\" height=\"20\" fill=\"white\"><\/rect><\/clipPath><\/defs><\/svg><\/span>\n\t\t<\/span>\n\n\t\t\t\t\t\t<\/summary>\n\t\t\t\t<div role=\"region\" aria-labelledby=\"e-n-accordion-item-2130\" class=\"elementor-element elementor-element-33a8ad8 e-con-full e-flex e-con e-child\" data-id=\"33a8ad8\" data-element_type=\"container\" data-e-type=\"container\">\n\t\t\t\t<div class=\"elementor-element elementor-element-367d6f9 elementor-widget elementor-widget-text-editor\" data-id=\"367d6f9\" data-element_type=\"widget\" data-e-type=\"widget\" data-widget_type=\"text-editor.default\">\n\t\t\t\t\t\t\t\t\t<p><span style=\"color: #262626; font-family: -apple-system, system-ui, 'Segoe UI', Roboto, Helvetica, Arial, sans-serif; font-weight: bold;\">\u2192 <\/span><strong>\n  <a title=\"B2B P\u0100RDO\u0160ANAS SPECI\u0100LISTS - TALLINA\" href=\"https:\/\/www.cvkeskus.ee\/arikliendi-muugispetsialist-tallinnas-t-grupp-ou-948606\" target=\"_blank\" rel=\"noopener\">B2B P\u0100RDO\u0160ANAS SPECI\u0100LISTS<\/a>\n<\/strong><\/p><p><span style=\"color: #262626; font-family: -apple-system, system-ui, 'Segoe UI', Roboto, Helvetica, Arial, sans-serif; font-weight: bold;\">\u2192 <\/span><strong>\n  <a title=\"TRANSPORTA ORGANIZATORS - TALLINA\" href=\"https:\/\/www.cvkeskus.ee\/veokorraldaja-tallinnas-t-grupp-ou-836631?w=1\" target=\"_blank\" rel=\"noopener\">TRANSPORTA ORGANIZATORS<\/a>\n<\/strong><\/p><p><span style=\"color: #262626; font-family: -apple-system, system-ui, 'Segoe UI', Roboto, Helvetica, Arial, sans-serif; font-weight: bold;\">\u2192 <\/span><strong>\n  <a title=\"NOLIKTAVAS DARBINIEKS - TALLINA\" href=\"https:\/\/www.onlineexpo.com\/en\/work-for-ukraininas-in-estonia\/employers\/t-grupp-ou\/warehouse-worker\/\" target=\"_blank\" rel=\"noopener\">AMATS UKRAI\u0145IEM &#8211; NOLIKTAVAS DARBINIEKS<\/a>\n<\/strong><\/p><p><span style=\"color: #262626; font-family: -apple-system, system-ui, 'Segoe UI', Roboto, Helvetica, Arial, sans-serif; font-weight: bold;\">\u2192 <\/span><strong>\n  <a title=\"NOLIKTAVAS DARBINIEKS - TALLINA\" href=\"https:\/\/www.cvkeskus.ee\/laotootaja-tallinnas-t-grupp-ou-788760?w=1\" target=\"_blank\" rel=\"noopener\">NOLIKTAVAS DARBINIEKS<\/a>\n<\/strong><\/p><p><span style=\"color: #262626; font-family: -apple-system, system-ui, 'Segoe UI', Roboto, Helvetica, Arial, sans-serif; font-weight: bold;\">\u2192 <\/span><strong>\n  <a title=\"KLIENTU APKALPO\u0160ANAS P\u0100RST\u0100VIS - TALLINN\" href=\"https:\/\/www.cvkeskus.ee\/klienditeenindaja-tallinnas-t-grupp-ou-780114?w=1\" target=\"_blank\" rel=\"noopener\">KLIENTU APKALPO\u0160ANAS P\u0100RST\u0100VIS<\/a>\n<\/strong><\/p><p><span style=\"color: #262626; font-family: -apple-system, system-ui, 'Segoe UI', Roboto, Helvetica, Arial, sans-serif; font-weight: bold;\">\u2192 <\/span><strong>\n  <a title=\"NOLIKTAVAS DARBINIEKS - TALLINA\" href=\"https:\/\/www.cvkeskus.ee\/laotootaja-tallinnas-t-grupp-ou-764912?w=1\" target=\"_blank\" rel=\"noopener\">NOLIKTAVAS DARBINIEKS<\/a>\n<\/strong><\/p><p><span style=\"color: #262626; font-family: -apple-system, system-ui, 'Segoe UI', Roboto, Helvetica, Arial, sans-serif; font-weight: bold;\">\u2192 <\/span><strong>\n  <a title=\"NOLIKTAVAS OPERATORS - TALLINA\" href=\"https:\/\/www.cv.ee\/et\/vacancy\/694561\/cargobus-ou\/laooperaator\" target=\"_blank\" rel=\"noopener\">NOLIKTAVAS OPERATORS<\/a>\n<\/strong><\/p><p><span style=\"color: #262626; font-family: -apple-system, system-ui, 'Segoe UI', Roboto, Helvetica, Arial, sans-serif; font-weight: bold;\">\u2192 <\/span><a title=\"LO\u0122ISTIKAS VAD\u012aT\u0100JS - TALLINA\" href=\"https:\/\/www.cv.ee\/et\/vacancy\/654961\/cargobus-ou\/logistik?referrer=\/employer\/2911?sharing=1294778\" target=\"_blank\" rel=\"noopener\">\n  <strong>LO\u0122ISTIKAS VAD\u012aT\u0100JS<\/strong>\n<\/a><\/p><p><span style=\"color: #262626; font-family: -apple-system, system-ui, 'Segoe UI', Roboto, Helvetica, Arial, sans-serif; font-weight: bold;\">\u2192 <\/span><strong>\n  <a title=\"P\u0100RDO\u0160ANAS VAD\u012aT\u0100JS - TALLINA\" href=\"https:\/\/www.cv.ee\/et\/vacancy\/577917\/cargobus-ou\/muugijuht\" target=\"_blank\" rel=\"noopener\">P\u0100RDO\u0160ANAS MENED\u017dERIS<\/a>\n<\/strong><\/p><p><span style=\"color: #262626; font-family: -apple-system, system-ui, 'Segoe UI', Roboto, Helvetica, Arial, sans-serif; font-weight: bold;\">\u2192 <\/span><strong>\n  <a title=\"KLIENTU APKALPO\u0160ANAS P\u0100RST\u0100VIS - TALLINN\" href=\"http:\/\/bit.ly\/TALLINN-KLIENDITOE-SPETSIALIST\" target=\"_blank\" rel=\"noopener\">KLIENTU APKALPO\u0160ANAS P\u0100RST\u0100VIS<\/a>\n<\/strong><\/p><p><span style=\"color: #262626; font-family: -apple-system, system-ui, 'Segoe UI', Roboto, Helvetica, Arial, sans-serif; font-weight: bold;\">\u2192 <\/span><strong>\n  <a title=\"KLIENTU APKALPO\u0160ANAS P\u0100RST\u0100VIS - NOLIKTAVAS OPERATORS - TALLINN\" href=\"https:\/\/www.cvkeskus.ee\/klienditeenindaja-tallinnas-cargobus-ou-695450?w=1&amp;fbclid=IwAR3Liuq9lV3gFtF921hR242u7ib-iNu-X_CL62-dzaKTJeY-Jj1yuh1KSaI\" target=\"_blank\" rel=\"noopener\">KLIENTU APKALPO\u0160ANAS P\u0100RST\u0100VIS &#8211; NOLIKTAVAS OPERATORS<\/a>\n<\/strong><\/p>\t\t\t\t\t\t\t\t<\/div>\n\t\t\t\t<\/div>\n\t\t\t\t\t<\/details>\n\t\t\t\t\t<\/div>\n\t\t\t\t\t\t<\/div>\n\t\t\t\t\t<\/div>\n\t\t\t\t<\/div>\n\t\t\t\t<\/div>\n\t\t","protected":false},"excerpt":{"rendered":"<p>KARJERAS IESP\u0112JAS AKTU\u0100L\u0100S VAKANCES TALLINN \u2192 KLIENTU APKALPO\u0160ANAS P\u0100RST\u0100VIS \u2192 KLIENTU APKALPO\u0160ANAS P\u0100RST\u0100VIS NEAKT\u012aV\u0100S VAKANCES TALLINN \u2192 B2B P\u0100RDO\u0160ANAS SPECI\u0100LISTS [&hellip;]<\/p>\n","protected":false},"author":1,"featured_media":0,"parent":0,"menu_order":0,"comment_status":"closed","ping_status":"closed","template":"elementor_header_footer","meta":{"_acf_changed":false,"site-sidebar-layout":"default","site-content-layout":"","ast-site-content-layout":"default","site-content-style":"default","site-sidebar-style":"default","ast-global-header-display":"","ast-banner-title-visibility":"","ast-main-header-display":"","ast-hfb-above-header-display":"","ast-hfb-below-header-display":"","ast-hfb-mobile-header-display":"","site-post-title":"","ast-breadcrumbs-content":"","ast-featured-img":"","footer-sml-layout":"","ast-disable-related-posts":"","theme-transparent-header-meta":"","adv-header-id-meta":"","stick-header-meta":"","header-above-stick-meta":"","header-main-stick-meta":"","header-below-stick-meta":"","astra-migrate-meta-layouts":"default","ast-page-background-enabled":"default","ast-page-background-meta":{"desktop":{"background-color":"var(--ast-global-color-4)","background-image":"","background-repeat":"repeat","background-position":"center center","background-size":"auto","background-attachment":"scroll","background-type":"","background-media":"","overlay-type":"","overlay-color":"","overlay-opacity":"","overlay-gradient":""},"tablet":{"background-color":"","background-image":"","background-repeat":"repeat","background-position":"center center","background-size":"auto","background-attachment":"scroll","background-type":"","background-media":"","overlay-type":"","overlay-color":"","overlay-opacity":"","overlay-gradient":""},"mobile":{"background-color":"","background-image":"","background-repeat":"repeat","background-position":"center center","background-size":"auto","background-attachment":"scroll","background-type":"","background-media":"","overlay-type":"","overlay-color":"","overlay-opacity":"","overlay-gradient":""}},"ast-content-background-meta":{"desktop":{"background-color":"var(--ast-global-color-5)","background-image":"","background-repeat":"repeat","background-position":"center center","background-size":"auto","background-attachment":"scroll","background-type":"","background-media":"","overlay-type":"","overlay-color":"","overlay-opacity":"","overlay-gradient":""},"tablet":{"background-color":"var(--ast-global-color-5)","background-image":"","background-repeat":"repeat","background-position":"center center","background-size":"auto","background-attachment":"scroll","background-type":"","background-media":"","overlay-type":"","overlay-color":"","overlay-opacity":"","overlay-gradient":""},"mobile":{"background-color":"var(--ast-global-color-5)","background-image":"","background-repeat":"repeat","background-position":"center center","background-size":"auto","background-attachment":"scroll","background-type":"","background-media":"","overlay-type":"","overlay-color":"","overlay-opacity":"","overlay-gradient":""}},"footnotes":""},"class_list":["post-14621","page","type-page","status-publish","hentry"],"acf":[],"_links":{"self":[{"href":"https:\/\/lv.cargobus.ee\/lv\/wp-json\/wp\/v2\/pages\/14621","targetHints":{"allow":["GET"]}}],"collection":[{"href":"https:\/\/lv.cargobus.ee\/lv\/wp-json\/wp\/v2\/pages"}],"about":[{"href":"https:\/\/lv.cargobus.ee\/lv\/wp-json\/wp\/v2\/types\/page"}],"author":[{"embeddable":true,"href":"https:\/\/lv.cargobus.ee\/lv\/wp-json\/wp\/v2\/users\/1"}],"replies":[{"embeddable":true,"href":"https:\/\/lv.cargobus.ee\/lv\/wp-json\/wp\/v2\/comments?post=14621"}],"version-history":[{"count":0,"href":"https:\/\/lv.cargobus.ee\/lv\/wp-json\/wp\/v2\/pages\/14621\/revisions"}],"wp:attachment":[{"href":"https:\/\/lv.cargobus.ee\/lv\/wp-json\/wp\/v2\/media?parent=14621"}],"curies":[{"name":"wp","href":"https:\/\/api.w.org\/{rel}","templated":true}]}}